{"id":1768,"date":"2026-01-02T22:05:31","date_gmt":"2026-01-02T22:05:31","guid":{"rendered":"https:\/\/ultrasmilemiami.elev8site.com\/que-puede-esperar\/"},"modified":"2026-01-12T14:59:19","modified_gmt":"2026-01-12T14:59:19","slug":"que-puede-esperar","status":"publish","type":"page","link":"https:\/\/ultrasmilemiami.elev8site.com\/es\/que-puede-esperar\/","title":{"rendered":"Qu\u00e9 puede esperar"},"content":{"rendered":"\t\t<div data-elementor-type=\"wp-page\" data-elementor-id=\"1768\" class=\"elementor elementor-1768 elementor-570\" data-elementor-post-type=\"page\">\n\t\t\t\t<main class=\"elementor-element elementor-element-fd144d8 e-con-full e-flex e-con e-parent\" data-id=\"fd144d8\" data-element_type=\"container\" data-settings=\"{&quot;jet_parallax_layout_list&quot;:[]}\">\n\t\t<section class=\"elementor-element elementor-element-955d382 e-flex e-con-boxed elementor-invisible e-con e-child\" data-id=\"955d382\" data-element_type=\"container\" data-settings=\"{&quot;background_background&quot;:&quot;classic&quot;,&quot;animation&quot;:&quot;expandClip&quot;,&quot;jet_parallax_layout_list&quot;:[]}\">\n\t\t\t\t\t<div class=\"e-con-inner\">\n\t\t<div class=\"elementor-element elementor-element-33f58ab e-con-full e-flex elementor-invisible e-con e-child\" data-id=\"33f58ab\" data-element_type=\"container\" data-settings=\"{&quot;animation&quot;:&quot;fadeInUps&quot;,&quot;animation_delay&quot;:100,&quot;jet_parallax_layout_list&quot;:[]}\">\n\t\t\t\t<div class=\"elementor-element elementor-element-eba4fc9 elementor-widget elementor-widget-heading\" data-id=\"eba4fc9\" data-element_type=\"widget\" data-widget_type=\"heading.default\">\n\t\t\t\t\t<h1 class=\"elementor-heading-title elementor-size-default\">Qu\u00e9 puede esperar<\/h1>\t\t\t\t<\/div>\n\t\t\t\t<div class=\"elementor-element elementor-element-ca809c2 elementor-widget elementor-widget-heading\" data-id=\"ca809c2\" data-element_type=\"widget\" data-widget_type=\"heading.default\">\n\t\t\t\t\t<h2 class=\"elementor-heading-title elementor-size-default\">Qu\u00e9 esperar en Ultra Smile DentalSpa en Miami: una experiencia dental acogedora y profesional con orientaci\u00f3n clara, atenci\u00f3n c\u00f3moda y tratamiento personalizado en cada paso del camino.<\/h2>\t\t\t\t<\/div>\n\t\t\t\t<\/div>\n\t\t\t\t\t<\/div>\n\t\t\t\t<\/section>\n\t\t<section class=\"elementor-element elementor-element-c8bb5e3 e-flex e-con-boxed e-con e-child\" data-id=\"c8bb5e3\" data-element_type=\"container\" data-settings=\"{&quot;jet_parallax_layout_list&quot;:[]}\">\n\t\t\t\t\t<div class=\"e-con-inner\">\n\t\t<div class=\"elementor-element elementor-element-6d8dab5 e-con-full e-flex elementor-invisible e-con e-child\" data-id=\"6d8dab5\" data-element_type=\"container\" data-settings=\"{&quot;jet_parallax_layout_list&quot;:[],&quot;animation&quot;:&quot;fadeInUps&quot;}\">\n\t\t<div class=\"elementor-element elementor-element-0ce3cba e-con-full e-flex e-con e-child\" data-id=\"0ce3cba\" data-element_type=\"container\" data-settings=\"{&quot;jet_parallax_layout_list&quot;:[]}\">\n\t\t\t\t<div class=\"elementor-element elementor-element-cd388f5 elementor-widget elementor-widget-heading\" data-id=\"cd388f5\" data-element_type=\"widget\" data-widget_type=\"heading.default\">\n\t\t\t\t\t<h2 class=\"elementor-heading-title elementor-size-default\">Qu\u00e9 puede esperar\n<\/h2>\t\t\t\t<\/div>\n\t\t\t\t<\/div>\n\t\t<div class=\"elementor-element elementor-element-82c15a8 e-con-full e-flex e-con e-child\" data-id=\"82c15a8\" data-element_type=\"container\" data-settings=\"{&quot;jet_parallax_layout_list&quot;:[]}\">\n\t\t\t\t<div class=\"elementor-element elementor-element-6481b85 elementor-widget elementor-widget-text-editor\" data-id=\"6481b85\" data-element_type=\"widget\" data-widget_type=\"text-editor.default\">\n\t\t\t\t\t\t\t\t\t<p>Su comodidad y satisfacci\u00f3n son importantes para nosotros. Aqu\u00ed tiene una explicaci\u00f3n de lo que puede esperar cuando venga a Ultra Smile Dentistry por primera vez.<\/p><p>Siempre estamos encantados de responder a cualquier pregunta. No dude en llamar a nuestra oficina, enviarnos un correo electr\u00f3nico o conectar con nosotros en las redes sociales.<\/p><p>Su primera cita incluye una limpieza exhaustiva y suele durar alrededor de dos horas. Para asegurar su visita, se requiere un dep\u00f3sito de 45 $, que es totalmente reembolsable si la cita se cancela con al menos 24 horas de antelaci\u00f3n.<\/p>\t\t\t\t\t\t\t\t<\/div>\n\t\t\t\t<\/div>\n\t\t\t\t<\/div>\n\t\t\t\t<div class=\"elementor-element elementor-element-5aef80d elementor-widget-divider--view-line elementor-invisible elementor-widget elementor-widget-divider\" data-id=\"5aef80d\" data-element_type=\"widget\" data-settings=\"{&quot;_animation&quot;:&quot;fadeInUps&quot;,&quot;_animation_delay&quot;:50}\" data-widget_type=\"divider.default\">\n\t\t\t\t\t\t\t<div class=\"elementor-divider\">\n\t\t\t<span class=\"elementor-divider-separator\">\n\t\t\t\t\t\t<\/span>\n\t\t<\/div>\n\t\t\t\t\t\t<\/div>\n\t\t<div class=\"elementor-element elementor-element-04a522b e-con-full e-flex elementor-invisible e-con e-child\" data-id=\"04a522b\" data-element_type=\"container\" data-settings=\"{&quot;jet_parallax_layout_list&quot;:[],&quot;animation&quot;:&quot;fadeInUps&quot;,&quot;animation_delay&quot;:100}\">\n\t\t<div class=\"elementor-element elementor-element-eaab850 e-con-full e-flex e-con e-child\" data-id=\"eaab850\" data-element_type=\"container\" data-settings=\"{&quot;jet_parallax_layout_list&quot;:[]}\">\n\t\t\t\t<div class=\"elementor-element elementor-element-7b67df2 elementor-widget elementor-widget-heading\" data-id=\"7b67df2\" data-element_type=\"widget\" data-widget_type=\"heading.default\">\n\t\t\t\t\t<h2 class=\"elementor-heading-title elementor-size-default\">Saludos y papeleo<\/h2>\t\t\t\t<\/div>\n\t\t\t\t<\/div>\n\t\t<div class=\"elementor-element elementor-element-c85696b e-con-full e-flex e-con e-child\" data-id=\"c85696b\" data-element_type=\"container\" data-settings=\"{&quot;jet_parallax_layout_list&quot;:[]}\">\n\t\t\t\t<div class=\"elementor-element elementor-element-ad03cd8 elementor-widget elementor-widget-text-editor\" data-id=\"ad03cd8\" data-element_type=\"widget\" data-widget_type=\"text-editor.default\">\n\t\t\t\t\t\t\t\t\t<p>En la sala de espera, ser\u00e1 recibido por nuestro personal de recepci\u00f3n, que le ayudar\u00e1 a empezar con el papeleo de nuevo paciente. Por favor, llegue 15 minutos antes de su cita para que tenga tiempo de completar su papeleo si es necesario. Ahorre tiempo: Acceda ahora a su papeleo de nuevo paciente. Al rellenar sus formularios ahora, puede ahorrar tiempo en la oficina m\u00e1s tarde.<\/p><p>Se reunir\u00e1 con la Dra. Bahmadi o sus asociados para hablar sobre su historial m\u00e9dico. Si tiene alguna preocupaci\u00f3n o temor sobre su salud bucal, puede sentirse c\u00f3modo comparti\u00e9ndolos con ella; su comodidad es lo m\u00e1s importante y le animamos a que haga preguntas.<\/p>\t\t\t\t\t\t\t\t<\/div>\n\t\t\t\t<\/div>\n\t\t\t\t<\/div>\n\t\t\t\t<div class=\"elementor-element elementor-element-bc99360 elementor-widget-divider--view-line elementor-invisible elementor-widget elementor-widget-divider\" data-id=\"bc99360\" data-element_type=\"widget\" data-settings=\"{&quot;_animation&quot;:&quot;fadeInUps&quot;,&quot;_animation_delay&quot;:150}\" data-widget_type=\"divider.default\">\n\t\t\t\t\t\t\t<div class=\"elementor-divider\">\n\t\t\t<span class=\"elementor-divider-separator\">\n\t\t\t\t\t\t<\/span>\n\t\t<\/div>\n\t\t\t\t\t\t<\/div>\n\t\t<div class=\"elementor-element elementor-element-593c0e6 e-con-full e-flex elementor-invisible e-con e-child\" data-id=\"593c0e6\" data-element_type=\"container\" data-settings=\"{&quot;jet_parallax_layout_list&quot;:[],&quot;animation&quot;:&quot;fadeInUps&quot;,&quot;animation_delay&quot;:200}\">\n\t\t<div class=\"elementor-element elementor-element-b6c4720 e-con-full e-flex e-con e-child\" data-id=\"b6c4720\" data-element_type=\"container\" data-settings=\"{&quot;jet_parallax_layout_list&quot;:[]}\">\n\t\t\t\t<div class=\"elementor-element elementor-element-98382ce elementor-widget elementor-widget-heading\" data-id=\"98382ce\" data-element_type=\"widget\" data-widget_type=\"heading.default\">\n\t\t\t\t\t<h2 class=\"elementor-heading-title elementor-size-default\">Examen exhaustivo inicial y radiograf\u00edas\n<\/h2>\t\t\t\t<\/div>\n\t\t\t\t<\/div>\n\t\t<div class=\"elementor-element elementor-element-1571a67 e-con-full e-flex e-con e-child\" data-id=\"1571a67\" data-element_type=\"container\" data-settings=\"{&quot;jet_parallax_layout_list&quot;:[]}\">\n\t\t\t\t<div class=\"elementor-element elementor-element-9eed7e2 elementor-widget elementor-widget-text-editor\" data-id=\"9eed7e2\" data-element_type=\"widget\" data-widget_type=\"text-editor.default\">\n\t\t\t\t\t\t\t\t\t<p>A continuaci\u00f3n, la Dra. Bahmadi o sus asociados probablemente examinar\u00e1n sus dientes, enc\u00edas y boca, y tomar\u00e1n radiograf\u00edas y\/o radiograf\u00edas panor\u00e1micas. Las radiograf\u00edas panor\u00e1micas ayudan a su dentista a ver los dientes que no han erupcionado o est\u00e1n impactados, as\u00ed como las afecciones de los senos paranasales, y pueden detectar lesiones o fracturas en la mand\u00edbula.<\/p><ul><li>Este examen exhaustivo inicial es una forma sin riesgo de conocer el estado de su salud bucal y de saber c\u00f3mo nuestro equipo puede ayudarle. Si desea una segunda opini\u00f3n, no hay problema: puede obtener una copia de los resultados de su examen y las radiograf\u00edas de forma gratuita.<\/li><li>Hay una buena raz\u00f3n por la que probablemente no recibir\u00e1 una limpieza dental en su primera cita. Cada nueva relaci\u00f3n con el paciente a menudo comienza con un examen inicial para que su equipo dental pueda comprender sus necesidades e inquietudes primero, y luego adaptar su higiene a usted. De esta manera, aprovechar\u00e1 al m\u00e1ximo sus citas de limpieza y el tiempo y la atenci\u00f3n que se merece.<\/li><\/ul>\t\t\t\t\t\t\t\t<\/div>\n\t\t\t\t<\/div>\n\t\t\t\t<\/div>\n\t\t\t\t<div class=\"elementor-element elementor-element-2933027 elementor-widget-divider--view-line elementor-invisible elementor-widget elementor-widget-divider\" data-id=\"2933027\" data-element_type=\"widget\" data-settings=\"{&quot;_animation&quot;:&quot;fadeInUps&quot;,&quot;_animation_delay&quot;:250}\" data-widget_type=\"divider.default\">\n\t\t\t\t\t\t\t<div class=\"elementor-divider\">\n\t\t\t<span class=\"elementor-divider-separator\">\n\t\t\t\t\t\t<\/span>\n\t\t<\/div>\n\t\t\t\t\t\t<\/div>\n\t\t<div class=\"elementor-element elementor-element-3f6f178 e-con-full e-flex elementor-invisible e-con e-child\" data-id=\"3f6f178\" data-element_type=\"container\" data-settings=\"{&quot;jet_parallax_layout_list&quot;:[],&quot;animation&quot;:&quot;fadeInUps&quot;,&quot;animation_delay&quot;:300}\">\n\t\t<div class=\"elementor-element elementor-element-11f22d5 e-con-full e-flex e-con e-child\" data-id=\"11f22d5\" data-element_type=\"container\" data-settings=\"{&quot;jet_parallax_layout_list&quot;:[]}\">\n\t\t\t\t<div class=\"elementor-element elementor-element-ae010d0 elementor-widget elementor-widget-heading\" data-id=\"ae010d0\" data-element_type=\"widget\" data-widget_type=\"heading.default\">\n\t\t\t\t\t<h2 class=\"elementor-heading-title elementor-size-default\">Si\u00e9ntese con el m\u00e9dico\n<\/h2>\t\t\t\t<\/div>\n\t\t\t\t<\/div>\n\t\t<div class=\"elementor-element elementor-element-424c45f e-con-full e-flex e-con e-child\" data-id=\"424c45f\" data-element_type=\"container\" data-settings=\"{&quot;jet_parallax_layout_list&quot;:[]}\">\n\t\t\t\t<div class=\"elementor-element elementor-element-2beb5f8 elementor-widget elementor-widget-text-editor\" data-id=\"2beb5f8\" data-element_type=\"widget\" data-widget_type=\"text-editor.default\">\n\t\t\t\t\t\t\t\t\t<p>La Dra. Bahmadi o sus asociados discutir\u00e1n el plan de tratamiento dental integral que ha desarrollado espec\u00edficamente para usted. Su plan de tratamiento est\u00e1 dise\u00f1ado para evitar que los problemas peque\u00f1os se hagan m\u00e1s grandes y costosos, por lo que abordar\u00e1 los problemas que le molestan ahora y tambi\u00e9n puede identificar otros que podr\u00edan afectar su salud bucal a largo plazo.<\/p><p>Despu\u00e9s de que haya hablado con el Dr., el personal de recepci\u00f3n responder\u00e1 a cualquier pregunta o inquietud que pueda tener, incluyendo las opciones de pago disponibles y c\u00f3mo funciona su seguro dental. Si necesita financiaci\u00f3n, p\u00f3ngase en contacto con nosotros.<\/p>\t\t\t\t\t\t\t\t<\/div>\n\t\t\t\t<\/div>\n\t\t\t\t<\/div>\n\t\t\t\t<div class=\"elementor-element elementor-element-beb8180 elementor-widget-divider--view-line elementor-invisible elementor-widget elementor-widget-divider\" data-id=\"beb8180\" data-element_type=\"widget\" data-settings=\"{&quot;_animation&quot;:&quot;fadeInUps&quot;,&quot;_animation_delay&quot;:350}\" data-widget_type=\"divider.default\">\n\t\t\t\t\t\t\t<div class=\"elementor-divider\">\n\t\t\t<span class=\"elementor-divider-separator\">\n\t\t\t\t\t\t<\/span>\n\t\t<\/div>\n\t\t\t\t\t\t<\/div>\n\t\t<div class=\"elementor-element elementor-element-61a27c3 e-con-full e-flex elementor-invisible e-con e-child\" data-id=\"61a27c3\" data-element_type=\"container\" data-settings=\"{&quot;jet_parallax_layout_list&quot;:[],&quot;animation&quot;:&quot;fadeInUps&quot;,&quot;animation_delay&quot;:400}\">\n\t\t<div class=\"elementor-element elementor-element-b4a6a4c e-con-full e-flex e-con e-child\" data-id=\"b4a6a4c\" data-element_type=\"container\" data-settings=\"{&quot;jet_parallax_layout_list&quot;:[]}\">\n\t\t\t\t<div class=\"elementor-element elementor-element-a3822ce elementor-widget elementor-widget-heading\" data-id=\"a3822ce\" data-element_type=\"widget\" data-widget_type=\"heading.default\">\n\t\t\t\t\t<h2 class=\"elementor-heading-title elementor-size-default\">Est\u00e1 en camino a una boca m\u00e1s sana\n<\/h2>\t\t\t\t<\/div>\n\t\t\t\t<\/div>\n\t\t<div class=\"elementor-element elementor-element-2a888c7 e-con-full e-flex e-con e-child\" data-id=\"2a888c7\" data-element_type=\"container\" data-settings=\"{&quot;jet_parallax_layout_list&quot;:[]}\">\n\t\t\t\t<div class=\"elementor-element elementor-element-da73e2a elementor-widget elementor-widget-text-editor\" data-id=\"da73e2a\" data-element_type=\"widget\" data-widget_type=\"text-editor.default\">\n\t\t\t\t\t\t\t\t\t<p>Despu\u00e9s de su primera visita al dentista, recibir\u00e1 una copia de su plan de tratamiento dental, que incluye el presupuesto para sus tratamientos recomendados.<\/p><p>Si tiene alguna pregunta o si hay algo que no entiende, por favor llame, queremos asegurarnos de que entiende y se siente c\u00f3modo con su tratamiento recomendado.<\/p>\t\t\t\t\t\t\t\t<\/div>\n\t\t\t\t<\/div>\n\t\t\t\t<\/div>\n\t\t\t\t<div class=\"elementor-element elementor-element-2504212 elementor-widget-divider--view-line elementor-invisible elementor-widget elementor-widget-divider\" data-id=\"2504212\" data-element_type=\"widget\" data-settings=\"{&quot;_animation&quot;:&quot;fadeInUps&quot;,&quot;_animation_delay&quot;:450}\" data-widget_type=\"divider.default\">\n\t\t\t\t\t\t\t<div class=\"elementor-divider\">\n\t\t\t<span class=\"elementor-divider-separator\">\n\t\t\t\t\t\t<\/span>\n\t\t<\/div>\n\t\t\t\t\t\t<\/div>\n\t\t<div class=\"elementor-element elementor-element-5649a21 e-con-full e-flex elementor-invisible e-con e-child\" data-id=\"5649a21\" data-element_type=\"container\" data-settings=\"{&quot;jet_parallax_layout_list&quot;:[],&quot;animation&quot;:&quot;fadeInUps&quot;,&quot;animation_delay&quot;:500}\">\n\t\t<div class=\"elementor-element elementor-element-bd6addf e-con-full e-flex e-con e-child\" data-id=\"bd6addf\" data-element_type=\"container\" data-settings=\"{&quot;jet_parallax_layout_list&quot;:[]}\">\n\t\t\t\t<div class=\"elementor-element elementor-element-83be22d elementor-widget elementor-widget-heading\" data-id=\"83be22d\" data-element_type=\"widget\" data-widget_type=\"heading.default\">\n\t\t\t\t\t<h2 class=\"elementor-heading-title elementor-size-default\">Sin riesgos, sin cargos ocultos\n<\/h2>\t\t\t\t<\/div>\n\t\t\t\t<\/div>\n\t\t<div class=\"elementor-element elementor-element-6613b4b e-con-full e-flex e-con e-child\" data-id=\"6613b4b\" data-element_type=\"container\" data-settings=\"{&quot;jet_parallax_layout_list&quot;:[]}\">\n\t\t\t\t<div class=\"elementor-element elementor-element-2e88459 elementor-widget elementor-widget-text-editor\" data-id=\"2e88459\" data-element_type=\"widget\" data-widget_type=\"text-editor.default\">\n\t\t\t\t\t\t\t\t\t<p>Aqu\u00ed en Ultra Smile Dentistry le proporcionaremos un presupuesto claro y detallado sobre el costo de su plan de tratamiento por escrito para que sepa qu\u00e9 esperar.<\/p>\t\t\t\t\t\t\t\t<\/div>\n\t\t\t\t<\/div>\n\t\t\t\t<\/div>\n\t\t\t\t\t<\/div>\n\t\t\t\t<\/section>\n\t\t\t\t<\/main>\n\t\t\t\t<\/div>\n\t\t","protected":false},"excerpt":{"rendered":"<p>Qu\u00e9 esperar en Ultra Smile DentalSpa en Miami: una experiencia dental acogedora y profesional con orientaci\u00f3n clara, atenci\u00f3n c\u00f3moda y tratamiento personalizado en cada paso del camino. Qu\u00e9 puede esperar Su comodidad y satisfacci\u00f3n son importantes para nosotros. Aqu\u00ed tiene una explicaci\u00f3n de lo que puede esperar cuando venga a Ultra Smile Dentistry por primera [&hellip;]<\/p>\n","protected":false},"author":1,"featured_media":0,"parent":0,"menu_order":0,"comment_status":"closed","ping_status":"closed","template":"","meta":{"_acf_changed":false,"footnotes":""},"class_list":["post-1768","page","type-page","status-publish","hentry"],"acf":[],"yoast_head":"<!-- This site is optimized with the Yoast SEO plugin v26.7 - https:\/\/yoast.com\/wordpress\/plugins\/seo\/ -->\n<title>Qu\u00e9 puede esperar - Ultra Smile DentalSpa<\/title>\n<meta name=\"robots\" content=\"index, follow, max-snippet:-1, max-image-preview:large, max-video-preview:-1\" \/>\n<link rel=\"canonical\" href=\"https:\/\/ultrasmilemiami.elev8site.com\/es\/que-puede-esperar\/\" \/>\n<meta property=\"og:locale\" content=\"es_ES\" \/>\n<meta property=\"og:type\" content=\"article\" \/>\n<meta property=\"og:title\" content=\"Qu\u00e9 puede esperar - Ultra Smile DentalSpa\" \/>\n<meta property=\"og:description\" content=\"Qu\u00e9 esperar en Ultra Smile DentalSpa en Miami: una experiencia dental acogedora y profesional con orientaci\u00f3n clara, atenci\u00f3n c\u00f3moda y tratamiento personalizado en cada paso del camino. Qu\u00e9 puede esperar Su comodidad y satisfacci\u00f3n son importantes para nosotros. Aqu\u00ed tiene una explicaci\u00f3n de lo que puede esperar cuando venga a Ultra Smile Dentistry por primera [&hellip;]\" \/>\n<meta property=\"og:url\" content=\"https:\/\/ultrasmilemiami.elev8site.com\/es\/que-puede-esperar\/\" \/>\n<meta property=\"og:site_name\" content=\"Ultra Smile DentalSpa\" \/>\n<meta property=\"article:modified_time\" content=\"2026-01-12T14:59:19+00:00\" \/>\n<meta name=\"twitter:card\" content=\"summary_large_image\" \/>\n<meta name=\"twitter:label1\" content=\"Tiempo de lectura\" \/>\n\t<meta name=\"twitter:data1\" content=\"3 minutos\" \/>\n<script type=\"application\/ld+json\" class=\"yoast-schema-graph\">{\"@context\":\"https:\/\/schema.org\",\"@graph\":[{\"@type\":\"WebPage\",\"@id\":\"https:\/\/ultrasmilemiami.elev8site.com\/es\/que-puede-esperar\/\",\"url\":\"https:\/\/ultrasmilemiami.elev8site.com\/es\/que-puede-esperar\/\",\"name\":\"Qu\u00e9 puede esperar - Ultra Smile DentalSpa\",\"isPartOf\":{\"@id\":\"https:\/\/ultrasmilemiami.elev8site.com\/es\/#website\"},\"datePublished\":\"2026-01-02T22:05:31+00:00\",\"dateModified\":\"2026-01-12T14:59:19+00:00\",\"breadcrumb\":{\"@id\":\"https:\/\/ultrasmilemiami.elev8site.com\/es\/que-puede-esperar\/#breadcrumb\"},\"inLanguage\":\"es\",\"potentialAction\":[{\"@type\":\"ReadAction\",\"target\":[\"https:\/\/ultrasmilemiami.elev8site.com\/es\/que-puede-esperar\/\"]}]},{\"@type\":\"BreadcrumbList\",\"@id\":\"https:\/\/ultrasmilemiami.elev8site.com\/es\/que-puede-esperar\/#breadcrumb\",\"itemListElement\":[{\"@type\":\"ListItem\",\"position\":1,\"name\":\"Home\",\"item\":\"https:\/\/ultrasmilemiami.elev8site.com\/es\/pagina-de-inicio\/\"},{\"@type\":\"ListItem\",\"position\":2,\"name\":\"Qu\u00e9 puede esperar\"}]},{\"@type\":\"WebSite\",\"@id\":\"https:\/\/ultrasmilemiami.elev8site.com\/es\/#website\",\"url\":\"https:\/\/ultrasmilemiami.elev8site.com\/es\/\",\"name\":\"Ultra Smile DentalSpa\",\"description\":\"\",\"publisher\":{\"@id\":\"https:\/\/ultrasmilemiami.elev8site.com\/es\/#organization\"},\"potentialAction\":[{\"@type\":\"SearchAction\",\"target\":{\"@type\":\"EntryPoint\",\"urlTemplate\":\"https:\/\/ultrasmilemiami.elev8site.com\/es\/?s={search_term_string}\"},\"query-input\":{\"@type\":\"PropertyValueSpecification\",\"valueRequired\":true,\"valueName\":\"search_term_string\"}}],\"inLanguage\":\"es\"},{\"@type\":\"Organization\",\"@id\":\"https:\/\/ultrasmilemiami.elev8site.com\/es\/#organization\",\"name\":\"Ultra Smile DentalSpa\",\"url\":\"https:\/\/ultrasmilemiami.elev8site.com\/es\/\",\"logo\":{\"@type\":\"ImageObject\",\"inLanguage\":\"es\",\"@id\":\"https:\/\/ultrasmilemiami.elev8site.com\/es\/#\/schema\/logo\/image\/\",\"url\":\"https:\/\/ultrasmilemiami.elev8site.com\/wp-content\/uploads\/2025\/12\/ultrasmile-logo.png\",\"contentUrl\":\"https:\/\/ultrasmilemiami.elev8site.com\/wp-content\/uploads\/2025\/12\/ultrasmile-logo.png\",\"width\":521,\"height\":83,\"caption\":\"Ultra Smile DentalSpa\"},\"image\":{\"@id\":\"https:\/\/ultrasmilemiami.elev8site.com\/es\/#\/schema\/logo\/image\/\"}}]}<\/script>\n<!-- \/ Yoast SEO plugin. -->","yoast_head_json":{"title":"Qu\u00e9 puede esperar - Ultra Smile DentalSpa","robots":{"index":"index","follow":"follow","max-snippet":"max-snippet:-1","max-image-preview":"max-image-preview:large","max-video-preview":"max-video-preview:-1"},"canonical":"https:\/\/ultrasmilemiami.elev8site.com\/es\/que-puede-esperar\/","og_locale":"es_ES","og_type":"article","og_title":"Qu\u00e9 puede esperar - Ultra Smile DentalSpa","og_description":"Qu\u00e9 esperar en Ultra Smile DentalSpa en Miami: una experiencia dental acogedora y profesional con orientaci\u00f3n clara, atenci\u00f3n c\u00f3moda y tratamiento personalizado en cada paso del camino. Qu\u00e9 puede esperar Su comodidad y satisfacci\u00f3n son importantes para nosotros. Aqu\u00ed tiene una explicaci\u00f3n de lo que puede esperar cuando venga a Ultra Smile Dentistry por primera [&hellip;]","og_url":"https:\/\/ultrasmilemiami.elev8site.com\/es\/que-puede-esperar\/","og_site_name":"Ultra Smile DentalSpa","article_modified_time":"2026-01-12T14:59:19+00:00","twitter_card":"summary_large_image","twitter_misc":{"Tiempo de lectura":"3 minutos"},"schema":{"@context":"https:\/\/schema.org","@graph":[{"@type":"WebPage","@id":"https:\/\/ultrasmilemiami.elev8site.com\/es\/que-puede-esperar\/","url":"https:\/\/ultrasmilemiami.elev8site.com\/es\/que-puede-esperar\/","name":"Qu\u00e9 puede esperar - Ultra Smile DentalSpa","isPartOf":{"@id":"https:\/\/ultrasmilemiami.elev8site.com\/es\/#website"},"datePublished":"2026-01-02T22:05:31+00:00","dateModified":"2026-01-12T14:59:19+00:00","breadcrumb":{"@id":"https:\/\/ultrasmilemiami.elev8site.com\/es\/que-puede-esperar\/#breadcrumb"},"inLanguage":"es","potentialAction":[{"@type":"ReadAction","target":["https:\/\/ultrasmilemiami.elev8site.com\/es\/que-puede-esperar\/"]}]},{"@type":"BreadcrumbList","@id":"https:\/\/ultrasmilemiami.elev8site.com\/es\/que-puede-esperar\/#breadcrumb","itemListElement":[{"@type":"ListItem","position":1,"name":"Home","item":"https:\/\/ultrasmilemiami.elev8site.com\/es\/pagina-de-inicio\/"},{"@type":"ListItem","position":2,"name":"Qu\u00e9 puede esperar"}]},{"@type":"WebSite","@id":"https:\/\/ultrasmilemiami.elev8site.com\/es\/#website","url":"https:\/\/ultrasmilemiami.elev8site.com\/es\/","name":"Ultra Smile DentalSpa","description":"","publisher":{"@id":"https:\/\/ultrasmilemiami.elev8site.com\/es\/#organization"},"potentialAction":[{"@type":"SearchAction","target":{"@type":"EntryPoint","urlTemplate":"https:\/\/ultrasmilemiami.elev8site.com\/es\/?s={search_term_string}"},"query-input":{"@type":"PropertyValueSpecification","valueRequired":true,"valueName":"search_term_string"}}],"inLanguage":"es"},{"@type":"Organization","@id":"https:\/\/ultrasmilemiami.elev8site.com\/es\/#organization","name":"Ultra Smile DentalSpa","url":"https:\/\/ultrasmilemiami.elev8site.com\/es\/","logo":{"@type":"ImageObject","inLanguage":"es","@id":"https:\/\/ultrasmilemiami.elev8site.com\/es\/#\/schema\/logo\/image\/","url":"https:\/\/ultrasmilemiami.elev8site.com\/wp-content\/uploads\/2025\/12\/ultrasmile-logo.png","contentUrl":"https:\/\/ultrasmilemiami.elev8site.com\/wp-content\/uploads\/2025\/12\/ultrasmile-logo.png","width":521,"height":83,"caption":"Ultra Smile DentalSpa"},"image":{"@id":"https:\/\/ultrasmilemiami.elev8site.com\/es\/#\/schema\/logo\/image\/"}}]}},"_links":{"self":[{"href":"https:\/\/ultrasmilemiami.elev8site.com\/es\/wp-json\/wp\/v2\/pages\/1768","targetHints":{"allow":["GET"]}}],"collection":[{"href":"https:\/\/ultrasmilemiami.elev8site.com\/es\/wp-json\/wp\/v2\/pages"}],"about":[{"href":"https:\/\/ultrasmilemiami.elev8site.com\/es\/wp-json\/wp\/v2\/types\/page"}],"author":[{"embeddable":true,"href":"https:\/\/ultrasmilemiami.elev8site.com\/es\/wp-json\/wp\/v2\/users\/1"}],"replies":[{"embeddable":true,"href":"https:\/\/ultrasmilemiami.elev8site.com\/es\/wp-json\/wp\/v2\/comments?post=1768"}],"version-history":[{"count":1,"href":"https:\/\/ultrasmilemiami.elev8site.com\/es\/wp-json\/wp\/v2\/pages\/1768\/revisions"}],"predecessor-version":[{"id":1778,"href":"https:\/\/ultrasmilemiami.elev8site.com\/es\/wp-json\/wp\/v2\/pages\/1768\/revisions\/1778"}],"wp:attachment":[{"href":"https:\/\/ultrasmilemiami.elev8site.com\/es\/wp-json\/wp\/v2\/media?parent=1768"}],"curies":[{"name":"wp","href":"https:\/\/api.w.org\/{rel}","templated":true}]}}