{"id":1760,"date":"2026-01-02T21:58:42","date_gmt":"2026-01-02T21:58:42","guid":{"rendered":"https:\/\/ultrasmilemiami.elev8site.com\/despues-del-tratamiento\/"},"modified":"2026-01-12T14:59:19","modified_gmt":"2026-01-12T14:59:19","slug":"despues-del-tratamiento","status":"publish","type":"page","link":"https:\/\/ultrasmilemiami.elev8site.com\/es\/despues-del-tratamiento\/","title":{"rendered":"Despu\u00e9s del tratamiento"},"content":{"rendered":"\t\t<div data-elementor-type=\"wp-page\" data-elementor-id=\"1760\" class=\"elementor elementor-1760 elementor-564\" data-elementor-post-type=\"page\">\n\t\t\t\t<main class=\"elementor-element elementor-element-cd462fd e-con-full e-flex e-con e-parent\" data-id=\"cd462fd\" data-element_type=\"container\" data-settings=\"{&quot;jet_parallax_layout_list&quot;:[]}\">\n\t\t<section class=\"elementor-element elementor-element-19a845a e-flex e-con-boxed elementor-invisible e-con e-child\" data-id=\"19a845a\" data-element_type=\"container\" data-settings=\"{&quot;background_background&quot;:&quot;classic&quot;,&quot;animation&quot;:&quot;expandClip&quot;,&quot;jet_parallax_layout_list&quot;:[]}\">\n\t\t\t\t\t<div class=\"e-con-inner\">\n\t\t<div class=\"elementor-element elementor-element-83f94ca e-con-full e-flex elementor-invisible e-con e-child\" data-id=\"83f94ca\" data-element_type=\"container\" data-settings=\"{&quot;animation&quot;:&quot;fadeInUps&quot;,&quot;animation_delay&quot;:100,&quot;jet_parallax_layout_list&quot;:[]}\">\n\t\t\t\t<div class=\"elementor-element elementor-element-a2d0bc7 elementor-widget elementor-widget-heading\" data-id=\"a2d0bc7\" data-element_type=\"widget\" data-widget_type=\"heading.default\">\n\t\t\t\t\t<h1 class=\"elementor-heading-title elementor-size-default\">Despu\u00e9s del tratamiento<\/h1>\t\t\t\t<\/div>\n\t\t\t\t<div class=\"elementor-element elementor-element-d01adbe elementor-widget elementor-widget-heading\" data-id=\"d01adbe\" data-element_type=\"widget\" data-widget_type=\"heading.default\">\n\t\t\t\t\t<h2 class=\"elementor-heading-title elementor-size-default\">Descargar las instrucciones posteriores al tratamiento<\/h2>\t\t\t\t<\/div>\n\t\t\t\t<\/div>\n\t\t\t\t\t<\/div>\n\t\t\t\t<\/section>\n\t\t<section class=\"elementor-element elementor-element-1c5ff6d e-flex e-con-boxed elementor-invisible e-con e-child\" data-id=\"1c5ff6d\" data-element_type=\"container\" data-settings=\"{&quot;jet_parallax_layout_list&quot;:[],&quot;animation&quot;:&quot;fadeInUps&quot;}\">\n\t\t\t\t\t<div class=\"e-con-inner\">\n\t\t<div class=\"elementor-element elementor-element-bc36a0e e-con-full e-flex e-con e-child\" data-id=\"bc36a0e\" data-element_type=\"container\" data-settings=\"{&quot;jet_parallax_layout_list&quot;:[]}\">\n\t\t<div class=\"elementor-element elementor-element-87be184 e-con-full e-flex e-con e-child\" data-id=\"87be184\" data-element_type=\"container\" data-settings=\"{&quot;jet_parallax_layout_list&quot;:[]}\">\n\t\t\t\t<div class=\"elementor-element elementor-element-8d6b416 elementor-widget elementor-widget-heading\" data-id=\"8d6b416\" data-element_type=\"widget\" data-widget_type=\"heading.default\">\n\t\t\t\t\t<h2 class=\"elementor-heading-title elementor-size-default\">Instrucciones posteriores al tratamiento<\/h2>\t\t\t\t<\/div>\n\t\t\t\t<\/div>\n\t\t<div class=\"elementor-element elementor-element-7d0a14e e-con-full e-flex e-con e-child\" data-id=\"7d0a14e\" data-element_type=\"container\" data-settings=\"{&quot;jet_parallax_layout_list&quot;:[]}\">\n\t\t\t\t<div class=\"elementor-element elementor-element-8c6568f elementor-widget elementor-widget-text-editor\" data-id=\"8c6568f\" data-element_type=\"widget\" data-widget_type=\"text-editor.default\">\n\t\t\t\t\t\t\t\t\t<p>Ahorra tiempo y apoya tu recuperaci\u00f3n revisando las instrucciones posteriores al tratamiento con antelaci\u00f3n.<\/p><p>Puedes descargar e imprimir las siguientes pautas, leerlas en casa y seguirlas despu\u00e9s de tu tratamiento, o revisarlas con nuestro equipo antes de salir de la cl\u00ednica.<\/p><p>Lista de instrucciones descargables (PDF):<\/p>\t\t\t\t\t\t\t\t<\/div>\n\t\t<a class=\"elementor-element elementor-element-eebd6a1 e-con-full e-flex e-con e-child\" data-id=\"eebd6a1\" data-element_type=\"container\" data-settings=\"{&quot;jet_parallax_layout_list&quot;:[]}\" href=\"https:\/\/ultrasmilemiami.elev8site.com\/wp-content\/uploads\/2026\/01\/TOOTH-WHITENING-POST-OP-INSTRUCTIONS.pdf\" target=\"_blank\">\n\t\t\t\t<div class=\"elementor-element elementor-element-e2d6f13 elementor-position-inline-start elementor-view-default elementor-widget elementor-widget-icon-box\" data-id=\"e2d6f13\" data-element_type=\"widget\" data-widget_type=\"icon-box.default\">\n\t\t\t\t\t\t\t<div class=\"elementor-icon-box-wrapper\">\n\n\t\t\t\t\t\t<div class=\"elementor-icon-box-icon\">\n\t\t\t\t<span  class=\"elementor-icon\">\n\t\t\t\t<svg aria-hidden=\"true\" class=\"e-font-icon-svg e-far-file-pdf\" viewBox=\"0 0 384 512\" xmlns=\"http:\/\/www.w3.org\/2000\/svg\"><path d=\"M369.9 97.9L286 14C277 5 264.8-.1 252.1-.1H48C21.5 0 0 21.5 0 48v416c0 26.5 21.5 48 48 48h288c26.5 0 48-21.5 48-48V131.9c0-12.7-5.1-25-14.1-34zM332.1 128H256V51.9l76.1 76.1zM48 464V48h160v104c0 13.3 10.7 24 24 24h104v288H48zm250.2-143.7c-12.2-12-47-8.7-64.4-6.5-17.2-10.5-28.7-25-36.8-46.3 3.9-16.1 10.1-40.6 5.4-56-4.2-26.2-37.8-23.6-42.6-5.9-4.4 16.1-.4 38.5 7 67.1-10 23.9-24.9 56-35.4 74.4-20 10.3-47 26.2-51 46.2-3.3 15.8 26 55.2 76.1-31.2 22.4-7.4 46.8-16.5 68.4-20.1 18.9 10.2 41 17 55.8 17 25.5 0 28-28.2 17.5-38.7zm-198.1 77.8c5.1-13.7 24.5-29.5 30.4-35-19 30.3-30.4 35.7-30.4 35zm81.6-190.6c7.4 0 6.7 32.1 1.8 40.8-4.4-13.9-4.3-40.8-1.8-40.8zm-24.4 136.6c9.7-16.9 18-37 24.7-54.7 8.3 15.1 18.9 27.2 30.1 35.5-20.8 4.3-38.9 13.1-54.8 19.2zm131.6-5s-5 6-37.3-7.8c35.1-2.6 40.9 5.4 37.3 7.8z\"><\/path><\/svg>\t\t\t\t<\/span>\n\t\t\t<\/div>\n\t\t\t\n\t\t\t\t\t\t<div class=\"elementor-icon-box-content\">\n\n\t\t\t\t\t\t\t\t\t<h3 class=\"elementor-icon-box-title\">\n\t\t\t\t\t\t<span  >\n\t\t\t\t\t\t\tInstrucciones postoperatorias para el blanqueamiento dental\t\t\t\t\t\t<\/span>\n\t\t\t\t\t<\/h3>\n\t\t\t\t\n\t\t\t\t\t\t\t\t\t<p class=\"elementor-icon-box-description\">\n\t\t\t\t\t\tHaz clic para descargar\t\t\t\t\t<\/p>\n\t\t\t\t\n\t\t\t<\/div>\n\t\t\t\n\t\t<\/div>\n\t\t\t\t\t\t<\/div>\n\t\t\t\t<\/a>\n\t\t<a class=\"elementor-element elementor-element-fe659c8 e-con-full e-flex e-con e-child\" data-id=\"fe659c8\" data-element_type=\"container\" data-settings=\"{&quot;jet_parallax_layout_list&quot;:[]}\" href=\"https:\/\/ultrasmilemiami.elev8site.com\/wp-content\/uploads\/2026\/01\/Caring-For-Invisalign.pdf\" target=\"_blank\">\n\t\t\t\t<div class=\"elementor-element elementor-element-eb0df20 elementor-position-inline-start elementor-view-default elementor-widget elementor-widget-icon-box\" data-id=\"eb0df20\" data-element_type=\"widget\" data-widget_type=\"icon-box.default\">\n\t\t\t\t\t\t\t<div class=\"elementor-icon-box-wrapper\">\n\n\t\t\t\t\t\t<div class=\"elementor-icon-box-icon\">\n\t\t\t\t<span  class=\"elementor-icon\">\n\t\t\t\t<svg aria-hidden=\"true\" class=\"e-font-icon-svg e-far-file-pdf\" viewBox=\"0 0 384 512\" xmlns=\"http:\/\/www.w3.org\/2000\/svg\"><path d=\"M369.9 97.9L286 14C277 5 264.8-.1 252.1-.1H48C21.5 0 0 21.5 0 48v416c0 26.5 21.5 48 48 48h288c26.5 0 48-21.5 48-48V131.9c0-12.7-5.1-25-14.1-34zM332.1 128H256V51.9l76.1 76.1zM48 464V48h160v104c0 13.3 10.7 24 24 24h104v288H48zm250.2-143.7c-12.2-12-47-8.7-64.4-6.5-17.2-10.5-28.7-25-36.8-46.3 3.9-16.1 10.1-40.6 5.4-56-4.2-26.2-37.8-23.6-42.6-5.9-4.4 16.1-.4 38.5 7 67.1-10 23.9-24.9 56-35.4 74.4-20 10.3-47 26.2-51 46.2-3.3 15.8 26 55.2 76.1-31.2 22.4-7.4 46.8-16.5 68.4-20.1 18.9 10.2 41 17 55.8 17 25.5 0 28-28.2 17.5-38.7zm-198.1 77.8c5.1-13.7 24.5-29.5 30.4-35-19 30.3-30.4 35.7-30.4 35zm81.6-190.6c7.4 0 6.7 32.1 1.8 40.8-4.4-13.9-4.3-40.8-1.8-40.8zm-24.4 136.6c9.7-16.9 18-37 24.7-54.7 8.3 15.1 18.9 27.2 30.1 35.5-20.8 4.3-38.9 13.1-54.8 19.2zm131.6-5s-5 6-37.3-7.8c35.1-2.6 40.9 5.4 37.3 7.8z\"><\/path><\/svg>\t\t\t\t<\/span>\n\t\t\t<\/div>\n\t\t\t\n\t\t\t\t\t\t<div class=\"elementor-icon-box-content\">\n\n\t\t\t\t\t\t\t\t\t<h3 class=\"elementor-icon-box-title\">\n\t\t\t\t\t\t<span  >\n\t\t\t\t\t\t\tInstrucciones para el tratamiento Invisalign\t\t\t\t\t\t<\/span>\n\t\t\t\t\t<\/h3>\n\t\t\t\t\n\t\t\t\t\t\t\t\t\t<p class=\"elementor-icon-box-description\">\n\t\t\t\t\t\tHaz clic para descargar\t\t\t\t\t<\/p>\n\t\t\t\t\n\t\t\t<\/div>\n\t\t\t\n\t\t<\/div>\n\t\t\t\t\t\t<\/div>\n\t\t\t\t<\/a>\n\t\t<a class=\"elementor-element elementor-element-572dfd7 e-con-full e-flex e-con e-child\" data-id=\"572dfd7\" data-element_type=\"container\" data-settings=\"{&quot;jet_parallax_layout_list&quot;:[]}\" href=\"https:\/\/ultrasmilemiami.elev8site.com\/wp-content\/uploads\/2026\/01\/Caring-For-Temps.pdf\" target=\"_blank\">\n\t\t\t\t<div class=\"elementor-element elementor-element-a1af67b elementor-position-inline-start elementor-view-default elementor-widget elementor-widget-icon-box\" data-id=\"a1af67b\" data-element_type=\"widget\" data-widget_type=\"icon-box.default\">\n\t\t\t\t\t\t\t<div class=\"elementor-icon-box-wrapper\">\n\n\t\t\t\t\t\t<div class=\"elementor-icon-box-icon\">\n\t\t\t\t<span  class=\"elementor-icon\">\n\t\t\t\t<svg aria-hidden=\"true\" class=\"e-font-icon-svg e-far-file-pdf\" viewBox=\"0 0 384 512\" xmlns=\"http:\/\/www.w3.org\/2000\/svg\"><path d=\"M369.9 97.9L286 14C277 5 264.8-.1 252.1-.1H48C21.5 0 0 21.5 0 48v416c0 26.5 21.5 48 48 48h288c26.5 0 48-21.5 48-48V131.9c0-12.7-5.1-25-14.1-34zM332.1 128H256V51.9l76.1 76.1zM48 464V48h160v104c0 13.3 10.7 24 24 24h104v288H48zm250.2-143.7c-12.2-12-47-8.7-64.4-6.5-17.2-10.5-28.7-25-36.8-46.3 3.9-16.1 10.1-40.6 5.4-56-4.2-26.2-37.8-23.6-42.6-5.9-4.4 16.1-.4 38.5 7 67.1-10 23.9-24.9 56-35.4 74.4-20 10.3-47 26.2-51 46.2-3.3 15.8 26 55.2 76.1-31.2 22.4-7.4 46.8-16.5 68.4-20.1 18.9 10.2 41 17 55.8 17 25.5 0 28-28.2 17.5-38.7zm-198.1 77.8c5.1-13.7 24.5-29.5 30.4-35-19 30.3-30.4 35.7-30.4 35zm81.6-190.6c7.4 0 6.7 32.1 1.8 40.8-4.4-13.9-4.3-40.8-1.8-40.8zm-24.4 136.6c9.7-16.9 18-37 24.7-54.7 8.3 15.1 18.9 27.2 30.1 35.5-20.8 4.3-38.9 13.1-54.8 19.2zm131.6-5s-5 6-37.3-7.8c35.1-2.6 40.9 5.4 37.3 7.8z\"><\/path><\/svg>\t\t\t\t<\/span>\n\t\t\t<\/div>\n\t\t\t\n\t\t\t\t\t\t<div class=\"elementor-icon-box-content\">\n\n\t\t\t\t\t\t\t\t\t<h3 class=\"elementor-icon-box-title\">\n\t\t\t\t\t\t<span  >\n\t\t\t\t\t\t\tInstrucciones para el cuidado temporal\t\t\t\t\t\t<\/span>\n\t\t\t\t\t<\/h3>\n\t\t\t\t\n\t\t\t\t\t\t\t\t\t<p class=\"elementor-icon-box-description\">\n\t\t\t\t\t\tHaz clic para descargar\t\t\t\t\t<\/p>\n\t\t\t\t\n\t\t\t<\/div>\n\t\t\t\n\t\t<\/div>\n\t\t\t\t\t\t<\/div>\n\t\t\t\t<\/a>\n\t\t<a class=\"elementor-element elementor-element-c014d08 e-con-full e-flex e-con e-child\" data-id=\"c014d08\" data-element_type=\"container\" data-settings=\"{&quot;jet_parallax_layout_list&quot;:[]}\" href=\"https:\/\/ultrasmilemiami.elev8site.com\/wp-content\/uploads\/2026\/01\/SURGICAL-INSTRUCTIONS.pdf\" target=\"_blank\">\n\t\t\t\t<div class=\"elementor-element elementor-element-10dded3 elementor-position-inline-start elementor-view-default elementor-widget elementor-widget-icon-box\" data-id=\"10dded3\" data-element_type=\"widget\" data-widget_type=\"icon-box.default\">\n\t\t\t\t\t\t\t<div class=\"elementor-icon-box-wrapper\">\n\n\t\t\t\t\t\t<div class=\"elementor-icon-box-icon\">\n\t\t\t\t<span  class=\"elementor-icon\">\n\t\t\t\t<svg aria-hidden=\"true\" class=\"e-font-icon-svg e-far-file-pdf\" viewBox=\"0 0 384 512\" xmlns=\"http:\/\/www.w3.org\/2000\/svg\"><path d=\"M369.9 97.9L286 14C277 5 264.8-.1 252.1-.1H48C21.5 0 0 21.5 0 48v416c0 26.5 21.5 48 48 48h288c26.5 0 48-21.5 48-48V131.9c0-12.7-5.1-25-14.1-34zM332.1 128H256V51.9l76.1 76.1zM48 464V48h160v104c0 13.3 10.7 24 24 24h104v288H48zm250.2-143.7c-12.2-12-47-8.7-64.4-6.5-17.2-10.5-28.7-25-36.8-46.3 3.9-16.1 10.1-40.6 5.4-56-4.2-26.2-37.8-23.6-42.6-5.9-4.4 16.1-.4 38.5 7 67.1-10 23.9-24.9 56-35.4 74.4-20 10.3-47 26.2-51 46.2-3.3 15.8 26 55.2 76.1-31.2 22.4-7.4 46.8-16.5 68.4-20.1 18.9 10.2 41 17 55.8 17 25.5 0 28-28.2 17.5-38.7zm-198.1 77.8c5.1-13.7 24.5-29.5 30.4-35-19 30.3-30.4 35.7-30.4 35zm81.6-190.6c7.4 0 6.7 32.1 1.8 40.8-4.4-13.9-4.3-40.8-1.8-40.8zm-24.4 136.6c9.7-16.9 18-37 24.7-54.7 8.3 15.1 18.9 27.2 30.1 35.5-20.8 4.3-38.9 13.1-54.8 19.2zm131.6-5s-5 6-37.3-7.8c35.1-2.6 40.9 5.4 37.3 7.8z\"><\/path><\/svg>\t\t\t\t<\/span>\n\t\t\t<\/div>\n\t\t\t\n\t\t\t\t\t\t<div class=\"elementor-icon-box-content\">\n\n\t\t\t\t\t\t\t\t\t<h3 class=\"elementor-icon-box-title\">\n\t\t\t\t\t\t<span  >\n\t\t\t\t\t\t\tInstrucciones quir\u00fargicas\t\t\t\t\t\t<\/span>\n\t\t\t\t\t<\/h3>\n\t\t\t\t\n\t\t\t\t\t\t\t\t\t<p class=\"elementor-icon-box-description\">\n\t\t\t\t\t\tHaz clic para descargar\t\t\t\t\t<\/p>\n\t\t\t\t\n\t\t\t<\/div>\n\t\t\t\n\t\t<\/div>\n\t\t\t\t\t\t<\/div>\n\t\t\t\t<\/a>\n\t\t\t\t<\/div>\n\t\t\t\t<\/div>\n\t\t\t\t\t<\/div>\n\t\t\t\t<\/section>\n\t\t\t\t<\/main>\n\t\t\t\t<\/div>\n\t\t","protected":false},"excerpt":{"rendered":"<p>Descargar las instrucciones posteriores al tratamiento Instrucciones posteriores al tratamiento Ahorra tiempo y apoya tu recuperaci\u00f3n revisando las instrucciones posteriores al tratamiento con antelaci\u00f3n. Puedes descargar e imprimir las siguientes pautas, leerlas en casa y seguirlas despu\u00e9s de tu tratamiento, o revisarlas con nuestro equipo antes de salir de la cl\u00ednica. Lista de instrucciones descargables [&hellip;]<\/p>\n","protected":false},"author":1,"featured_media":0,"parent":0,"menu_order":0,"comment_status":"closed","ping_status":"closed","template":"","meta":{"_acf_changed":false,"footnotes":""},"class_list":["post-1760","page","type-page","status-publish","hentry"],"acf":[],"yoast_head":"<!-- This site is optimized with the Yoast SEO plugin v26.7 - https:\/\/yoast.com\/wordpress\/plugins\/seo\/ -->\n<title>Despu\u00e9s del tratamiento - Ultra Smile DentalSpa<\/title>\n<meta name=\"robots\" content=\"index, follow, max-snippet:-1, max-image-preview:large, max-video-preview:-1\" \/>\n<link rel=\"canonical\" href=\"https:\/\/ultrasmilemiami.elev8site.com\/es\/despues-del-tratamiento\/\" \/>\n<meta property=\"og:locale\" content=\"es_ES\" \/>\n<meta property=\"og:type\" content=\"article\" \/>\n<meta property=\"og:title\" content=\"Despu\u00e9s del tratamiento - Ultra Smile DentalSpa\" \/>\n<meta property=\"og:description\" content=\"Descargar las instrucciones posteriores al tratamiento Instrucciones posteriores al tratamiento Ahorra tiempo y apoya tu recuperaci\u00f3n revisando las instrucciones posteriores al tratamiento con antelaci\u00f3n. Puedes descargar e imprimir las siguientes pautas, leerlas en casa y seguirlas despu\u00e9s de tu tratamiento, o revisarlas con nuestro equipo antes de salir de la cl\u00ednica. Lista de instrucciones descargables [&hellip;]\" \/>\n<meta property=\"og:url\" content=\"https:\/\/ultrasmilemiami.elev8site.com\/es\/despues-del-tratamiento\/\" \/>\n<meta property=\"og:site_name\" content=\"Ultra Smile DentalSpa\" \/>\n<meta property=\"article:modified_time\" content=\"2026-01-12T14:59:19+00:00\" \/>\n<meta name=\"twitter:card\" content=\"summary_large_image\" \/>\n<script type=\"application\/ld+json\" class=\"yoast-schema-graph\">{\"@context\":\"https:\/\/schema.org\",\"@graph\":[{\"@type\":\"WebPage\",\"@id\":\"https:\/\/ultrasmilemiami.elev8site.com\/es\/despues-del-tratamiento\/\",\"url\":\"https:\/\/ultrasmilemiami.elev8site.com\/es\/despues-del-tratamiento\/\",\"name\":\"Despu\u00e9s del tratamiento - Ultra Smile DentalSpa\",\"isPartOf\":{\"@id\":\"https:\/\/ultrasmilemiami.elev8site.com\/es\/#website\"},\"datePublished\":\"2026-01-02T21:58:42+00:00\",\"dateModified\":\"2026-01-12T14:59:19+00:00\",\"breadcrumb\":{\"@id\":\"https:\/\/ultrasmilemiami.elev8site.com\/es\/despues-del-tratamiento\/#breadcrumb\"},\"inLanguage\":\"es\",\"potentialAction\":[{\"@type\":\"ReadAction\",\"target\":[\"https:\/\/ultrasmilemiami.elev8site.com\/es\/despues-del-tratamiento\/\"]}]},{\"@type\":\"BreadcrumbList\",\"@id\":\"https:\/\/ultrasmilemiami.elev8site.com\/es\/despues-del-tratamiento\/#breadcrumb\",\"itemListElement\":[{\"@type\":\"ListItem\",\"position\":1,\"name\":\"Home\",\"item\":\"https:\/\/ultrasmilemiami.elev8site.com\/es\/pagina-de-inicio\/\"},{\"@type\":\"ListItem\",\"position\":2,\"name\":\"Despu\u00e9s del tratamiento\"}]},{\"@type\":\"WebSite\",\"@id\":\"https:\/\/ultrasmilemiami.elev8site.com\/es\/#website\",\"url\":\"https:\/\/ultrasmilemiami.elev8site.com\/es\/\",\"name\":\"Ultra Smile DentalSpa\",\"description\":\"\",\"publisher\":{\"@id\":\"https:\/\/ultrasmilemiami.elev8site.com\/es\/#organization\"},\"potentialAction\":[{\"@type\":\"SearchAction\",\"target\":{\"@type\":\"EntryPoint\",\"urlTemplate\":\"https:\/\/ultrasmilemiami.elev8site.com\/es\/?s={search_term_string}\"},\"query-input\":{\"@type\":\"PropertyValueSpecification\",\"valueRequired\":true,\"valueName\":\"search_term_string\"}}],\"inLanguage\":\"es\"},{\"@type\":\"Organization\",\"@id\":\"https:\/\/ultrasmilemiami.elev8site.com\/es\/#organization\",\"name\":\"Ultra Smile DentalSpa\",\"url\":\"https:\/\/ultrasmilemiami.elev8site.com\/es\/\",\"logo\":{\"@type\":\"ImageObject\",\"inLanguage\":\"es\",\"@id\":\"https:\/\/ultrasmilemiami.elev8site.com\/es\/#\/schema\/logo\/image\/\",\"url\":\"https:\/\/ultrasmilemiami.elev8site.com\/wp-content\/uploads\/2025\/12\/ultrasmile-logo.png\",\"contentUrl\":\"https:\/\/ultrasmilemiami.elev8site.com\/wp-content\/uploads\/2025\/12\/ultrasmile-logo.png\",\"width\":521,\"height\":83,\"caption\":\"Ultra Smile DentalSpa\"},\"image\":{\"@id\":\"https:\/\/ultrasmilemiami.elev8site.com\/es\/#\/schema\/logo\/image\/\"}}]}<\/script>\n<!-- \/ Yoast SEO plugin. -->","yoast_head_json":{"title":"Despu\u00e9s del tratamiento - Ultra Smile DentalSpa","robots":{"index":"index","follow":"follow","max-snippet":"max-snippet:-1","max-image-preview":"max-image-preview:large","max-video-preview":"max-video-preview:-1"},"canonical":"https:\/\/ultrasmilemiami.elev8site.com\/es\/despues-del-tratamiento\/","og_locale":"es_ES","og_type":"article","og_title":"Despu\u00e9s del tratamiento - Ultra Smile DentalSpa","og_description":"Descargar las instrucciones posteriores al tratamiento Instrucciones posteriores al tratamiento Ahorra tiempo y apoya tu recuperaci\u00f3n revisando las instrucciones posteriores al tratamiento con antelaci\u00f3n. Puedes descargar e imprimir las siguientes pautas, leerlas en casa y seguirlas despu\u00e9s de tu tratamiento, o revisarlas con nuestro equipo antes de salir de la cl\u00ednica. Lista de instrucciones descargables [&hellip;]","og_url":"https:\/\/ultrasmilemiami.elev8site.com\/es\/despues-del-tratamiento\/","og_site_name":"Ultra Smile DentalSpa","article_modified_time":"2026-01-12T14:59:19+00:00","twitter_card":"summary_large_image","schema":{"@context":"https:\/\/schema.org","@graph":[{"@type":"WebPage","@id":"https:\/\/ultrasmilemiami.elev8site.com\/es\/despues-del-tratamiento\/","url":"https:\/\/ultrasmilemiami.elev8site.com\/es\/despues-del-tratamiento\/","name":"Despu\u00e9s del tratamiento - Ultra Smile DentalSpa","isPartOf":{"@id":"https:\/\/ultrasmilemiami.elev8site.com\/es\/#website"},"datePublished":"2026-01-02T21:58:42+00:00","dateModified":"2026-01-12T14:59:19+00:00","breadcrumb":{"@id":"https:\/\/ultrasmilemiami.elev8site.com\/es\/despues-del-tratamiento\/#breadcrumb"},"inLanguage":"es","potentialAction":[{"@type":"ReadAction","target":["https:\/\/ultrasmilemiami.elev8site.com\/es\/despues-del-tratamiento\/"]}]},{"@type":"BreadcrumbList","@id":"https:\/\/ultrasmilemiami.elev8site.com\/es\/despues-del-tratamiento\/#breadcrumb","itemListElement":[{"@type":"ListItem","position":1,"name":"Home","item":"https:\/\/ultrasmilemiami.elev8site.com\/es\/pagina-de-inicio\/"},{"@type":"ListItem","position":2,"name":"Despu\u00e9s del tratamiento"}]},{"@type":"WebSite","@id":"https:\/\/ultrasmilemiami.elev8site.com\/es\/#website","url":"https:\/\/ultrasmilemiami.elev8site.com\/es\/","name":"Ultra Smile DentalSpa","description":"","publisher":{"@id":"https:\/\/ultrasmilemiami.elev8site.com\/es\/#organization"},"potentialAction":[{"@type":"SearchAction","target":{"@type":"EntryPoint","urlTemplate":"https:\/\/ultrasmilemiami.elev8site.com\/es\/?s={search_term_string}"},"query-input":{"@type":"PropertyValueSpecification","valueRequired":true,"valueName":"search_term_string"}}],"inLanguage":"es"},{"@type":"Organization","@id":"https:\/\/ultrasmilemiami.elev8site.com\/es\/#organization","name":"Ultra Smile DentalSpa","url":"https:\/\/ultrasmilemiami.elev8site.com\/es\/","logo":{"@type":"ImageObject","inLanguage":"es","@id":"https:\/\/ultrasmilemiami.elev8site.com\/es\/#\/schema\/logo\/image\/","url":"https:\/\/ultrasmilemiami.elev8site.com\/wp-content\/uploads\/2025\/12\/ultrasmile-logo.png","contentUrl":"https:\/\/ultrasmilemiami.elev8site.com\/wp-content\/uploads\/2025\/12\/ultrasmile-logo.png","width":521,"height":83,"caption":"Ultra Smile DentalSpa"},"image":{"@id":"https:\/\/ultrasmilemiami.elev8site.com\/es\/#\/schema\/logo\/image\/"}}]}},"_links":{"self":[{"href":"https:\/\/ultrasmilemiami.elev8site.com\/es\/wp-json\/wp\/v2\/pages\/1760","targetHints":{"allow":["GET"]}}],"collection":[{"href":"https:\/\/ultrasmilemiami.elev8site.com\/es\/wp-json\/wp\/v2\/pages"}],"about":[{"href":"https:\/\/ultrasmilemiami.elev8site.com\/es\/wp-json\/wp\/v2\/types\/page"}],"author":[{"embeddable":true,"href":"https:\/\/ultrasmilemiami.elev8site.com\/es\/wp-json\/wp\/v2\/users\/1"}],"replies":[{"embeddable":true,"href":"https:\/\/ultrasmilemiami.elev8site.com\/es\/wp-json\/wp\/v2\/comments?post=1760"}],"version-history":[{"count":1,"href":"https:\/\/ultrasmilemiami.elev8site.com\/es\/wp-json\/wp\/v2\/pages\/1760\/revisions"}],"predecessor-version":[{"id":1766,"href":"https:\/\/ultrasmilemiami.elev8site.com\/es\/wp-json\/wp\/v2\/pages\/1760\/revisions\/1766"}],"wp:attachment":[{"href":"https:\/\/ultrasmilemiami.elev8site.com\/es\/wp-json\/wp\/v2\/media?parent=1760"}],"curies":[{"name":"wp","href":"https:\/\/api.w.org\/{rel}","templated":true}]}}