{"id":1759,"date":"2026-01-05T19:28:12","date_gmt":"2026-01-05T19:28:12","guid":{"rendered":"https:\/\/ultrasmilemiami.elev8site.com\/politica-de-la-clinica\/"},"modified":"2026-01-12T14:59:18","modified_gmt":"2026-01-12T14:59:18","slug":"politica-de-la-clinica","status":"publish","type":"page","link":"https:\/\/ultrasmilemiami.elev8site.com\/es\/politica-de-la-clinica\/","title":{"rendered":"Pol\u00edtica de la cl\u00ednica"},"content":{"rendered":"\t\t<div data-elementor-type=\"wp-page\" data-elementor-id=\"1759\" class=\"elementor elementor-1759 elementor-1477\" data-elementor-post-type=\"page\">\n\t\t\t\t<main class=\"elementor-element elementor-element-1674d99 e-con-full e-flex e-con e-parent\" data-id=\"1674d99\" data-element_type=\"container\" data-settings=\"{&quot;jet_parallax_layout_list&quot;:[]}\">\n\t\t<section class=\"elementor-element elementor-element-7d3678a e-flex e-con-boxed elementor-invisible e-con e-child\" data-id=\"7d3678a\" data-element_type=\"container\" data-settings=\"{&quot;background_background&quot;:&quot;classic&quot;,&quot;animation&quot;:&quot;expandClip&quot;,&quot;jet_parallax_layout_list&quot;:[]}\">\n\t\t\t\t\t<div class=\"e-con-inner\">\n\t\t<div class=\"elementor-element elementor-element-8b3963c e-con-full e-flex elementor-invisible e-con e-child\" data-id=\"8b3963c\" data-element_type=\"container\" data-settings=\"{&quot;animation&quot;:&quot;fadeInUps&quot;,&quot;animation_delay&quot;:100,&quot;jet_parallax_layout_list&quot;:[]}\">\n\t\t\t\t<div class=\"elementor-element elementor-element-b711a48 elementor-widget elementor-widget-heading\" data-id=\"b711a48\" data-element_type=\"widget\" data-widget_type=\"heading.default\">\n\t\t\t\t\t<h1 class=\"elementor-heading-title elementor-size-default\">Pol\u00edtica de la cl\u00ednica<\/h1>\t\t\t\t<\/div>\n\t\t\t\t<div class=\"elementor-element elementor-element-62c700b elementor-widget elementor-widget-heading\" data-id=\"62c700b\" data-element_type=\"widget\" data-widget_type=\"heading.default\">\n\t\t\t\t\t<h2 class=\"elementor-heading-title elementor-size-default\">Pol\u00edticas de la cl\u00ednica Ultra Smile DentalSpa en Miami, donde se describen las directrices importantes para que los pacientes disfruten de una experiencia dental fluida, respetuosa y organizada.<\/h2>\t\t\t\t<\/div>\n\t\t\t\t<\/div>\n\t\t\t\t\t<\/div>\n\t\t\t\t<\/section>\n\t\t<section class=\"elementor-element elementor-element-bb99c0d e-flex e-con-boxed e-con e-child\" data-id=\"bb99c0d\" data-element_type=\"container\" data-settings=\"{&quot;jet_parallax_layout_list&quot;:[]}\">\n\t\t\t\t\t<div class=\"e-con-inner\">\n\t\t<div class=\"elementor-element elementor-element-51d1bb1 e-con-full e-flex elementor-invisible e-con e-child\" data-id=\"51d1bb1\" data-element_type=\"container\" data-settings=\"{&quot;jet_parallax_layout_list&quot;:[],&quot;animation&quot;:&quot;fadeInUps&quot;}\">\n\t\t<div class=\"elementor-element elementor-element-6b669f0 e-con-full e-flex e-con e-child\" data-id=\"6b669f0\" data-element_type=\"container\" data-settings=\"{&quot;jet_parallax_layout_list&quot;:[]}\">\n\t\t\t\t<div class=\"elementor-element elementor-element-2471783 elementor-widget elementor-widget-heading\" data-id=\"2471783\" data-element_type=\"widget\" data-widget_type=\"heading.default\">\n\t\t\t\t\t<h2 class=\"elementor-heading-title elementor-size-default\">Requisitos<\/h2>\t\t\t\t<\/div>\n\t\t\t\t<\/div>\n\t\t<div class=\"elementor-element elementor-element-7fff906 e-con-full e-flex e-con e-child\" data-id=\"7fff906\" data-element_type=\"container\" data-settings=\"{&quot;jet_parallax_layout_list&quot;:[]}\">\n\t\t\t\t<div class=\"elementor-element elementor-element-de68070 elementor-widget elementor-widget-text-editor\" data-id=\"de68070\" data-element_type=\"widget\" data-widget_type=\"text-editor.default\">\n\t\t\t\t\t\t\t\t\t<p>Queremos que su visita sea productiva y agradable. Estaremos encantados de responder a todas sus preguntas sobre los planes de seguro y las pol\u00edticas de pago.<\/p><p>La pol\u00edtica de nuestra cl\u00ednica exige que el pago se realice en el momento de la prestaci\u00f3n del servicio, a menos que se hayan hecho otros arreglos con el coordinador financiero.<\/p><ul><li>Para ayudarle con su pago, nuestra cl\u00ednica acepta Visa, Master Card, Care Credit y Sunbit Financing. Se aceptan cheques personales con copia de su licencia de conducir v\u00e1lida.<\/li><li>Se aplicar\u00e1 un cargo de 35,00 $ por todos los cheques devueltos.<\/li><li>Cuando su factura no se pague, normalmente debido a la falta de pago de las compa\u00f1\u00edas de seguros, se puede elegir una agencia de cobros para gestionar la cuenta morosa si la cuenta sigue sin pagarse. Si su cuenta se coloca en una agencia de cobros, usted ser\u00e1 responsable de todos los gastos de cobro.<\/li><\/ul>\t\t\t\t\t\t\t\t<\/div>\n\t\t\t\t<\/div>\n\t\t\t\t<\/div>\n\t\t\t\t<div class=\"elementor-element elementor-element-403adf9 elementor-widget-divider--view-line elementor-invisible elementor-widget elementor-widget-divider\" data-id=\"403adf9\" data-element_type=\"widget\" data-settings=\"{&quot;_animation&quot;:&quot;fadeInUps&quot;,&quot;_animation_delay&quot;:50}\" data-widget_type=\"divider.default\">\n\t\t\t\t\t\t\t<div class=\"elementor-divider\">\n\t\t\t<span class=\"elementor-divider-separator\">\n\t\t\t\t\t\t<\/span>\n\t\t<\/div>\n\t\t\t\t\t\t<\/div>\n\t\t<div class=\"elementor-element elementor-element-a998f63 e-con-full e-flex elementor-invisible e-con e-child\" data-id=\"a998f63\" data-element_type=\"container\" data-settings=\"{&quot;jet_parallax_layout_list&quot;:[],&quot;animation&quot;:&quot;fadeInUps&quot;,&quot;animation_delay&quot;:100}\">\n\t\t<div class=\"elementor-element elementor-element-2bc7b18 e-con-full e-flex e-con e-child\" data-id=\"2bc7b18\" data-element_type=\"container\" data-settings=\"{&quot;jet_parallax_layout_list&quot;:[]}\">\n\t\t\t\t<div class=\"elementor-element elementor-element-8980ee1 elementor-widget elementor-widget-heading\" data-id=\"8980ee1\" data-element_type=\"widget\" data-widget_type=\"heading.default\">\n\t\t\t\t\t<h2 class=\"elementor-heading-title elementor-size-default\">Pol\u00edtica de citas dentales y cancelaci\u00f3n\n<\/h2>\t\t\t\t<\/div>\n\t\t\t\t<\/div>\n\t\t<div class=\"elementor-element elementor-element-755773a e-con-full e-flex e-con e-child\" data-id=\"755773a\" data-element_type=\"container\" data-settings=\"{&quot;jet_parallax_layout_list&quot;:[]}\">\n\t\t\t\t<div class=\"elementor-element elementor-element-1b78abc elementor-widget elementor-widget-text-editor\" data-id=\"1b78abc\" data-element_type=\"widget\" data-widget_type=\"text-editor.default\">\n\t\t\t\t\t\t\t\t\t<ul><li>Las citas de m\u00e1s de 1 hora y media pueden requerir un dep\u00f3sito que se deducir\u00e1 de la factura de esa visita. La cantidad del dep\u00f3sito var\u00eda. Si la cita se cancela sin el aviso requerido, el dep\u00f3sito ser\u00e1 retenido.<\/li><li>Requerimos un aviso de cancelaci\u00f3n de 48 horas para cualquier cita programada.<\/li><li>Los pacientes que no se presenten a su cita programada sin dar el debido aviso se les cobrar\u00e1 una tarifa de 30,00 $ por cita incumplida, que no es pagadera por su compa\u00f1\u00eda de seguros.<\/li><li>Si llega 15 minutos o m\u00e1s tarde a su cita, se cancelar\u00e1.<\/li><\/ul>\t\t\t\t\t\t\t\t<\/div>\n\t\t\t\t<\/div>\n\t\t\t\t<\/div>\n\t\t\t\t<div class=\"elementor-element elementor-element-fe65d32 elementor-widget-divider--view-line elementor-invisible elementor-widget elementor-widget-divider\" data-id=\"fe65d32\" data-element_type=\"widget\" data-settings=\"{&quot;_animation&quot;:&quot;fadeInUps&quot;,&quot;_animation_delay&quot;:150}\" data-widget_type=\"divider.default\">\n\t\t\t\t\t\t\t<div class=\"elementor-divider\">\n\t\t\t<span class=\"elementor-divider-separator\">\n\t\t\t\t\t\t<\/span>\n\t\t<\/div>\n\t\t\t\t\t\t<\/div>\n\t\t<div class=\"elementor-element elementor-element-0afa53d e-con-full e-flex elementor-invisible e-con e-child\" data-id=\"0afa53d\" data-element_type=\"container\" data-settings=\"{&quot;jet_parallax_layout_list&quot;:[],&quot;animation&quot;:&quot;fadeInUps&quot;,&quot;animation_delay&quot;:200}\">\n\t\t<div class=\"elementor-element elementor-element-3ba2b99 e-con-full e-flex e-con e-child\" data-id=\"3ba2b99\" data-element_type=\"container\" data-settings=\"{&quot;jet_parallax_layout_list&quot;:[]}\">\n\t\t\t\t<div class=\"elementor-element elementor-element-eb2d07b elementor-widget elementor-widget-heading\" data-id=\"eb2d07b\" data-element_type=\"widget\" data-widget_type=\"heading.default\">\n\t\t\t\t\t<h2 class=\"elementor-heading-title elementor-size-default\">Reclamaciones de seguros\n<\/h2>\t\t\t\t<\/div>\n\t\t\t\t<\/div>\n\t\t<div class=\"elementor-element elementor-element-4befd53 e-con-full e-flex e-con e-child\" data-id=\"4befd53\" data-element_type=\"container\" data-settings=\"{&quot;jet_parallax_layout_list&quot;:[]}\">\n\t\t\t\t<div class=\"elementor-element elementor-element-a215b20 elementor-widget elementor-widget-text-editor\" data-id=\"a215b20\" data-element_type=\"widget\" data-widget_type=\"text-editor.default\">\n\t\t\t\t\t\t\t\t\t<p>Las reclamaciones de seguros para sus compa\u00f1\u00edas se presentan como cortes\u00eda sin cargo alguno para usted. Si usted es miembro de un plan de seguro dental y nos ha elegido como proveedor para su atenci\u00f3n, es su responsabilidad:<\/p><ul><li>Proporcionarnos informaci\u00f3n relativa a su reclamaci\u00f3n, incluyendo la tarjeta del seguro, el n\u00famero, el empleador y la fecha de nacimiento, la direcci\u00f3n y el n\u00famero de la seguridad social. Esta informaci\u00f3n se solicita en el formulario de historial de salud del paciente, que le pedimos que complete durante su visita inicial.<\/li><li>Pagar su deducible o copago en el momento del servicio.<\/li><li>Pagar por los servicios no cubiertos por su compa\u00f1\u00eda de seguros.<\/li><\/ul>\t\t\t\t\t\t\t\t<\/div>\n\t\t\t\t<\/div>\n\t\t\t\t<\/div>\n\t\t\t\t<div class=\"elementor-element elementor-element-2c29af8 elementor-widget-divider--view-line elementor-invisible elementor-widget elementor-widget-divider\" data-id=\"2c29af8\" data-element_type=\"widget\" data-settings=\"{&quot;_animation&quot;:&quot;fadeInUps&quot;,&quot;_animation_delay&quot;:250}\" data-widget_type=\"divider.default\">\n\t\t\t\t\t\t\t<div class=\"elementor-divider\">\n\t\t\t<span class=\"elementor-divider-separator\">\n\t\t\t\t\t\t<\/span>\n\t\t<\/div>\n\t\t\t\t\t\t<\/div>\n\t\t<div class=\"elementor-element elementor-element-126b853 e-con-full e-flex elementor-invisible e-con e-child\" data-id=\"126b853\" data-element_type=\"container\" data-settings=\"{&quot;jet_parallax_layout_list&quot;:[],&quot;animation&quot;:&quot;fadeInUps&quot;,&quot;animation_delay&quot;:300}\">\n\t\t<div class=\"elementor-element elementor-element-90f3035 e-con-full e-flex e-con e-child\" data-id=\"90f3035\" data-element_type=\"container\" data-settings=\"{&quot;jet_parallax_layout_list&quot;:[]}\">\n\t\t\t\t<div class=\"elementor-element elementor-element-37e08d6 elementor-widget elementor-widget-heading\" data-id=\"37e08d6\" data-element_type=\"widget\" data-widget_type=\"heading.default\">\n\t\t\t\t\t<h2 class=\"elementor-heading-title elementor-size-default\">Autorizaci\u00f3n y divulgaci\u00f3n\n<\/h2>\t\t\t\t<\/div>\n\t\t\t\t<\/div>\n\t\t<div class=\"elementor-element elementor-element-8ebadc5 e-con-full e-flex e-con e-child\" data-id=\"8ebadc5\" data-element_type=\"container\" data-settings=\"{&quot;jet_parallax_layout_list&quot;:[]}\">\n\t\t\t\t<div class=\"elementor-element elementor-element-856f307 elementor-widget elementor-widget-text-editor\" data-id=\"856f307\" data-element_type=\"widget\" data-widget_type=\"text-editor.default\">\n\t\t\t\t\t\t\t\t\t<p>Autorizo a Ultra Smile Dentistry a realizar los servicios dentales necesarios para mi diagn\u00f3stico, tratamiento y a recibir los pagos de mi compa\u00f1\u00eda de seguros, si procede. Ultra Smile Dentistry puede presentar el formulario necesario para recibir todos los beneficios de la cobertura. Sin embargo, esta cl\u00ednica no puede garantizar ninguna cobertura estimada. Mi seguro es un acuerdo entre mi compa\u00f1\u00eda de seguros y yo. Soy responsable de todos los cargos.<\/p>\t\t\t\t\t\t\t\t<\/div>\n\t\t<a class=\"elementor-element elementor-element-ed2466c e-con-full e-flex e-con e-child\" data-id=\"ed2466c\" data-element_type=\"container\" data-settings=\"{&quot;jet_parallax_layout_list&quot;:[]}\" href=\"https:\/\/ultrasmilemiami.elev8site.com\/wp-content\/uploads\/2026\/01\/Office-and-Financial-policy-pdf_rev2.pdf\" target=\"_blank\">\n\t\t\t\t<div class=\"elementor-element elementor-element-a999f52 elementor-position-inline-start elementor-view-default elementor-widget elementor-widget-icon-box\" data-id=\"a999f52\" data-element_type=\"widget\" data-widget_type=\"icon-box.default\">\n\t\t\t\t\t\t\t<div class=\"elementor-icon-box-wrapper\">\n\n\t\t\t\t\t\t<div class=\"elementor-icon-box-icon\">\n\t\t\t\t<span  class=\"elementor-icon\">\n\t\t\t\t<svg aria-hidden=\"true\" class=\"e-font-icon-svg e-far-file-pdf\" viewBox=\"0 0 384 512\" xmlns=\"http:\/\/www.w3.org\/2000\/svg\"><path d=\"M369.9 97.9L286 14C277 5 264.8-.1 252.1-.1H48C21.5 0 0 21.5 0 48v416c0 26.5 21.5 48 48 48h288c26.5 0 48-21.5 48-48V131.9c0-12.7-5.1-25-14.1-34zM332.1 128H256V51.9l76.1 76.1zM48 464V48h160v104c0 13.3 10.7 24 24 24h104v288H48zm250.2-143.7c-12.2-12-47-8.7-64.4-6.5-17.2-10.5-28.7-25-36.8-46.3 3.9-16.1 10.1-40.6 5.4-56-4.2-26.2-37.8-23.6-42.6-5.9-4.4 16.1-.4 38.5 7 67.1-10 23.9-24.9 56-35.4 74.4-20 10.3-47 26.2-51 46.2-3.3 15.8 26 55.2 76.1-31.2 22.4-7.4 46.8-16.5 68.4-20.1 18.9 10.2 41 17 55.8 17 25.5 0 28-28.2 17.5-38.7zm-198.1 77.8c5.1-13.7 24.5-29.5 30.4-35-19 30.3-30.4 35.7-30.4 35zm81.6-190.6c7.4 0 6.7 32.1 1.8 40.8-4.4-13.9-4.3-40.8-1.8-40.8zm-24.4 136.6c9.7-16.9 18-37 24.7-54.7 8.3 15.1 18.9 27.2 30.1 35.5-20.8 4.3-38.9 13.1-54.8 19.2zm131.6-5s-5 6-37.3-7.8c35.1-2.6 40.9 5.4 37.3 7.8z\"><\/path><\/svg>\t\t\t\t<\/span>\n\t\t\t<\/div>\n\t\t\t\n\t\t\t\t\t\t<div class=\"elementor-icon-box-content\">\n\n\t\t\t\t\t\t\t\t\t<h3 class=\"elementor-icon-box-title\">\n\t\t\t\t\t\t<span  >\n\t\t\t\t\t\t\tPol\u00edtica financiera y de seguros de la cl\u00ednica\t\t\t\t\t\t<\/span>\n\t\t\t\t\t<\/h3>\n\t\t\t\t\n\t\t\t\t\t\t\t\t\t<p class=\"elementor-icon-box-description\">\n\t\t\t\t\t\tHaga clic para descargar\t\t\t\t\t<\/p>\n\t\t\t\t\n\t\t\t<\/div>\n\t\t\t\n\t\t<\/div>\n\t\t\t\t\t\t<\/div>\n\t\t\t\t<\/a>\n\t\t\t\t<\/div>\n\t\t\t\t<\/div>\n\t\t\t\t\t<\/div>\n\t\t\t\t<\/section>\n\t\t\t\t<\/main>\n\t\t\t\t<\/div>\n\t\t","protected":false},"excerpt":{"rendered":"<p>Pol\u00edticas de la cl\u00ednica Ultra Smile DentalSpa en Miami, donde se describen las directrices importantes para que los pacientes disfruten de una experiencia dental fluida, respetuosa y organizada. Requisitos Queremos que su visita sea productiva y agradable. Estaremos encantados de responder a todas sus preguntas sobre los planes de seguro y las pol\u00edticas de pago. [&hellip;]<\/p>\n","protected":false},"author":1,"featured_media":0,"parent":0,"menu_order":0,"comment_status":"closed","ping_status":"closed","template":"","meta":{"_acf_changed":false,"footnotes":""},"class_list":["post-1759","page","type-page","status-publish","hentry"],"acf":[],"yoast_head":"<!-- This site is optimized with the Yoast SEO plugin v26.7 - https:\/\/yoast.com\/wordpress\/plugins\/seo\/ -->\n<title>Pol\u00edtica de la cl\u00ednica - Ultra Smile DentalSpa<\/title>\n<meta name=\"robots\" content=\"index, follow, max-snippet:-1, max-image-preview:large, max-video-preview:-1\" \/>\n<link rel=\"canonical\" href=\"https:\/\/ultrasmilemiami.elev8site.com\/es\/politica-de-la-clinica\/\" \/>\n<meta property=\"og:locale\" content=\"es_ES\" \/>\n<meta property=\"og:type\" content=\"article\" \/>\n<meta property=\"og:title\" content=\"Pol\u00edtica de la cl\u00ednica - Ultra Smile DentalSpa\" \/>\n<meta property=\"og:description\" content=\"Pol\u00edticas de la cl\u00ednica Ultra Smile DentalSpa en Miami, donde se describen las directrices importantes para que los pacientes disfruten de una experiencia dental fluida, respetuosa y organizada. Requisitos Queremos que su visita sea productiva y agradable. Estaremos encantados de responder a todas sus preguntas sobre los planes de seguro y las pol\u00edticas de pago. [&hellip;]\" \/>\n<meta property=\"og:url\" content=\"https:\/\/ultrasmilemiami.elev8site.com\/es\/politica-de-la-clinica\/\" \/>\n<meta property=\"og:site_name\" content=\"Ultra Smile DentalSpa\" \/>\n<meta property=\"article:modified_time\" content=\"2026-01-12T14:59:18+00:00\" \/>\n<meta name=\"twitter:card\" content=\"summary_large_image\" \/>\n<meta name=\"twitter:label1\" content=\"Tiempo de lectura\" \/>\n\t<meta name=\"twitter:data1\" content=\"3 minutos\" \/>\n<script type=\"application\/ld+json\" class=\"yoast-schema-graph\">{\"@context\":\"https:\/\/schema.org\",\"@graph\":[{\"@type\":\"WebPage\",\"@id\":\"https:\/\/ultrasmilemiami.elev8site.com\/es\/politica-de-la-clinica\/\",\"url\":\"https:\/\/ultrasmilemiami.elev8site.com\/es\/politica-de-la-clinica\/\",\"name\":\"Pol\u00edtica de la cl\u00ednica - Ultra Smile DentalSpa\",\"isPartOf\":{\"@id\":\"https:\/\/ultrasmilemiami.elev8site.com\/es\/#website\"},\"datePublished\":\"2026-01-05T19:28:12+00:00\",\"dateModified\":\"2026-01-12T14:59:18+00:00\",\"breadcrumb\":{\"@id\":\"https:\/\/ultrasmilemiami.elev8site.com\/es\/politica-de-la-clinica\/#breadcrumb\"},\"inLanguage\":\"es\",\"potentialAction\":[{\"@type\":\"ReadAction\",\"target\":[\"https:\/\/ultrasmilemiami.elev8site.com\/es\/politica-de-la-clinica\/\"]}]},{\"@type\":\"BreadcrumbList\",\"@id\":\"https:\/\/ultrasmilemiami.elev8site.com\/es\/politica-de-la-clinica\/#breadcrumb\",\"itemListElement\":[{\"@type\":\"ListItem\",\"position\":1,\"name\":\"Home\",\"item\":\"https:\/\/ultrasmilemiami.elev8site.com\/es\/pagina-de-inicio\/\"},{\"@type\":\"ListItem\",\"position\":2,\"name\":\"Pol\u00edtica de la cl\u00ednica\"}]},{\"@type\":\"WebSite\",\"@id\":\"https:\/\/ultrasmilemiami.elev8site.com\/es\/#website\",\"url\":\"https:\/\/ultrasmilemiami.elev8site.com\/es\/\",\"name\":\"Ultra Smile DentalSpa\",\"description\":\"\",\"publisher\":{\"@id\":\"https:\/\/ultrasmilemiami.elev8site.com\/es\/#organization\"},\"potentialAction\":[{\"@type\":\"SearchAction\",\"target\":{\"@type\":\"EntryPoint\",\"urlTemplate\":\"https:\/\/ultrasmilemiami.elev8site.com\/es\/?s={search_term_string}\"},\"query-input\":{\"@type\":\"PropertyValueSpecification\",\"valueRequired\":true,\"valueName\":\"search_term_string\"}}],\"inLanguage\":\"es\"},{\"@type\":\"Organization\",\"@id\":\"https:\/\/ultrasmilemiami.elev8site.com\/es\/#organization\",\"name\":\"Ultra Smile DentalSpa\",\"url\":\"https:\/\/ultrasmilemiami.elev8site.com\/es\/\",\"logo\":{\"@type\":\"ImageObject\",\"inLanguage\":\"es\",\"@id\":\"https:\/\/ultrasmilemiami.elev8site.com\/es\/#\/schema\/logo\/image\/\",\"url\":\"https:\/\/ultrasmilemiami.elev8site.com\/wp-content\/uploads\/2025\/12\/ultrasmile-logo.png\",\"contentUrl\":\"https:\/\/ultrasmilemiami.elev8site.com\/wp-content\/uploads\/2025\/12\/ultrasmile-logo.png\",\"width\":521,\"height\":83,\"caption\":\"Ultra Smile DentalSpa\"},\"image\":{\"@id\":\"https:\/\/ultrasmilemiami.elev8site.com\/es\/#\/schema\/logo\/image\/\"}}]}<\/script>\n<!-- \/ Yoast SEO plugin. -->","yoast_head_json":{"title":"Pol\u00edtica de la cl\u00ednica - Ultra Smile DentalSpa","robots":{"index":"index","follow":"follow","max-snippet":"max-snippet:-1","max-image-preview":"max-image-preview:large","max-video-preview":"max-video-preview:-1"},"canonical":"https:\/\/ultrasmilemiami.elev8site.com\/es\/politica-de-la-clinica\/","og_locale":"es_ES","og_type":"article","og_title":"Pol\u00edtica de la cl\u00ednica - Ultra Smile DentalSpa","og_description":"Pol\u00edticas de la cl\u00ednica Ultra Smile DentalSpa en Miami, donde se describen las directrices importantes para que los pacientes disfruten de una experiencia dental fluida, respetuosa y organizada. Requisitos Queremos que su visita sea productiva y agradable. Estaremos encantados de responder a todas sus preguntas sobre los planes de seguro y las pol\u00edticas de pago. [&hellip;]","og_url":"https:\/\/ultrasmilemiami.elev8site.com\/es\/politica-de-la-clinica\/","og_site_name":"Ultra Smile DentalSpa","article_modified_time":"2026-01-12T14:59:18+00:00","twitter_card":"summary_large_image","twitter_misc":{"Tiempo de lectura":"3 minutos"},"schema":{"@context":"https:\/\/schema.org","@graph":[{"@type":"WebPage","@id":"https:\/\/ultrasmilemiami.elev8site.com\/es\/politica-de-la-clinica\/","url":"https:\/\/ultrasmilemiami.elev8site.com\/es\/politica-de-la-clinica\/","name":"Pol\u00edtica de la cl\u00ednica - Ultra Smile DentalSpa","isPartOf":{"@id":"https:\/\/ultrasmilemiami.elev8site.com\/es\/#website"},"datePublished":"2026-01-05T19:28:12+00:00","dateModified":"2026-01-12T14:59:18+00:00","breadcrumb":{"@id":"https:\/\/ultrasmilemiami.elev8site.com\/es\/politica-de-la-clinica\/#breadcrumb"},"inLanguage":"es","potentialAction":[{"@type":"ReadAction","target":["https:\/\/ultrasmilemiami.elev8site.com\/es\/politica-de-la-clinica\/"]}]},{"@type":"BreadcrumbList","@id":"https:\/\/ultrasmilemiami.elev8site.com\/es\/politica-de-la-clinica\/#breadcrumb","itemListElement":[{"@type":"ListItem","position":1,"name":"Home","item":"https:\/\/ultrasmilemiami.elev8site.com\/es\/pagina-de-inicio\/"},{"@type":"ListItem","position":2,"name":"Pol\u00edtica de la cl\u00ednica"}]},{"@type":"WebSite","@id":"https:\/\/ultrasmilemiami.elev8site.com\/es\/#website","url":"https:\/\/ultrasmilemiami.elev8site.com\/es\/","name":"Ultra Smile DentalSpa","description":"","publisher":{"@id":"https:\/\/ultrasmilemiami.elev8site.com\/es\/#organization"},"potentialAction":[{"@type":"SearchAction","target":{"@type":"EntryPoint","urlTemplate":"https:\/\/ultrasmilemiami.elev8site.com\/es\/?s={search_term_string}"},"query-input":{"@type":"PropertyValueSpecification","valueRequired":true,"valueName":"search_term_string"}}],"inLanguage":"es"},{"@type":"Organization","@id":"https:\/\/ultrasmilemiami.elev8site.com\/es\/#organization","name":"Ultra Smile DentalSpa","url":"https:\/\/ultrasmilemiami.elev8site.com\/es\/","logo":{"@type":"ImageObject","inLanguage":"es","@id":"https:\/\/ultrasmilemiami.elev8site.com\/es\/#\/schema\/logo\/image\/","url":"https:\/\/ultrasmilemiami.elev8site.com\/wp-content\/uploads\/2025\/12\/ultrasmile-logo.png","contentUrl":"https:\/\/ultrasmilemiami.elev8site.com\/wp-content\/uploads\/2025\/12\/ultrasmile-logo.png","width":521,"height":83,"caption":"Ultra Smile DentalSpa"},"image":{"@id":"https:\/\/ultrasmilemiami.elev8site.com\/es\/#\/schema\/logo\/image\/"}}]}},"_links":{"self":[{"href":"https:\/\/ultrasmilemiami.elev8site.com\/es\/wp-json\/wp\/v2\/pages\/1759","targetHints":{"allow":["GET"]}}],"collection":[{"href":"https:\/\/ultrasmilemiami.elev8site.com\/es\/wp-json\/wp\/v2\/pages"}],"about":[{"href":"https:\/\/ultrasmilemiami.elev8site.com\/es\/wp-json\/wp\/v2\/types\/page"}],"author":[{"embeddable":true,"href":"https:\/\/ultrasmilemiami.elev8site.com\/es\/wp-json\/wp\/v2\/users\/1"}],"replies":[{"embeddable":true,"href":"https:\/\/ultrasmilemiami.elev8site.com\/es\/wp-json\/wp\/v2\/comments?post=1759"}],"version-history":[{"count":1,"href":"https:\/\/ultrasmilemiami.elev8site.com\/es\/wp-json\/wp\/v2\/pages\/1759\/revisions"}],"predecessor-version":[{"id":1765,"href":"https:\/\/ultrasmilemiami.elev8site.com\/es\/wp-json\/wp\/v2\/pages\/1759\/revisions\/1765"}],"wp:attachment":[{"href":"https:\/\/ultrasmilemiami.elev8site.com\/es\/wp-json\/wp\/v2\/media?parent=1759"}],"curies":[{"name":"wp","href":"https:\/\/api.w.org\/{rel}","templated":true}]}}