{"id":1729,"date":"2026-01-06T19:08:05","date_gmt":"2026-01-06T19:08:05","guid":{"rendered":"https:\/\/ultrasmilemiami.elev8site.com\/promociones\/"},"modified":"2026-01-09T18:13:10","modified_gmt":"2026-01-09T18:13:10","slug":"promociones","status":"publish","type":"page","link":"https:\/\/ultrasmilemiami.elev8site.com\/es\/promociones\/","title":{"rendered":"Promociones"},"content":{"rendered":"\t\t<div data-elementor-type=\"wp-page\" data-elementor-id=\"1729\" class=\"elementor elementor-1729 elementor-1670\" data-elementor-post-type=\"page\">\n\t\t\t\t<main class=\"elementor-element elementor-element-0f074b7 e-con-full e-flex e-con e-parent\" data-id=\"0f074b7\" data-element_type=\"container\" data-settings=\"{&quot;jet_parallax_layout_list&quot;:[]}\">\n\t\t<section class=\"elementor-element elementor-element-c043e9f e-flex e-con-boxed elementor-invisible e-con e-child\" data-id=\"c043e9f\" data-element_type=\"container\" data-settings=\"{&quot;background_background&quot;:&quot;classic&quot;,&quot;animation&quot;:&quot;expandClip&quot;,&quot;jet_parallax_layout_list&quot;:[]}\">\n\t\t\t\t\t<div class=\"e-con-inner\">\n\t\t<div class=\"elementor-element elementor-element-5ea3092 e-con-full e-flex elementor-invisible e-con e-child\" data-id=\"5ea3092\" data-element_type=\"container\" data-settings=\"{&quot;animation&quot;:&quot;fadeInUps&quot;,&quot;animation_delay&quot;:100,&quot;jet_parallax_layout_list&quot;:[]}\">\n\t\t\t\t<div class=\"elementor-element elementor-element-1f28e50 elementor-widget elementor-widget-heading\" data-id=\"1f28e50\" data-element_type=\"widget\" data-widget_type=\"heading.default\">\n\t\t\t\t\t<h1 class=\"elementor-heading-title elementor-size-default\">Promociones<\/h1>\t\t\t\t<\/div>\n\t\t\t\t<div class=\"elementor-element elementor-element-6cd6ae5 elementor-widget elementor-widget-heading\" data-id=\"6cd6ae5\" data-element_type=\"widget\" data-widget_type=\"heading.default\">\n\t\t\t\t\t<h2 class=\"elementor-heading-title elementor-size-default\">Promociones dentales actuales y ofertas especiales en Ultra Smile DentalSpa en Miami para ayudarle a ahorrar en atenci\u00f3n de calidad y tratamientos para mejorar la sonrisa.<\/h2>\t\t\t\t<\/div>\n\t\t\t\t<\/div>\n\t\t\t\t\t<\/div>\n\t\t\t\t<\/section>\n\t\t<div class=\"elementor-element elementor-element-76e3266 e-con-full e-flex e-con e-child\" data-id=\"76e3266\" data-element_type=\"container\" data-settings=\"{&quot;background_background&quot;:&quot;classic&quot;,&quot;jet_parallax_layout_list&quot;:[]}\">\n\t\t<div class=\"elementor-element elementor-element-ddda8a8 e-flex e-con-boxed e-con e-child\" data-id=\"ddda8a8\" data-element_type=\"container\" data-settings=\"{&quot;jet_parallax_layout_list&quot;:[]}\">\n\t\t\t\t\t<div class=\"e-con-inner\">\n\t\t<div class=\"elementor-element elementor-element-a3b6b01 e-con-full e-flex elementor-invisible e-con e-child\" data-id=\"a3b6b01\" data-element_type=\"container\" data-settings=\"{&quot;animation&quot;:&quot;fadeInUps&quot;,&quot;jet_parallax_layout_list&quot;:[]}\">\n\t\t<div class=\"elementor-element elementor-element-ffd44d0 e-con-full e-flex e-con e-child\" data-id=\"ffd44d0\" data-element_type=\"container\" data-settings=\"{&quot;jet_parallax_layout_list&quot;:[]}\">\n\t\t\t\t<div class=\"elementor-element elementor-element-75de1c5 elementor-widget elementor-widget-image\" data-id=\"75de1c5\" data-element_type=\"widget\" data-widget_type=\"image.default\">\n\t\t\t\t\t\t\t\t\t\t\t\t\t\t\t<img fetchpriority=\"high\" decoding=\"async\" width=\"639\" height=\"274\" src=\"https:\/\/ultrasmilemiami.elev8site.com\/wp-content\/uploads\/2025\/12\/hero-logo.png\" class=\"attachment-large size-large wp-image-1730\" alt=\"\" srcset=\"https:\/\/ultrasmilemiami.elev8site.com\/wp-content\/uploads\/2025\/12\/hero-logo.png 639w, https:\/\/ultrasmilemiami.elev8site.com\/wp-content\/uploads\/2025\/12\/hero-logo-300x129.png 300w\" sizes=\"(max-width: 639px) 100vw, 639px\" \/>\t\t\t\t\t\t\t\t\t\t\t\t\t\t\t<\/div>\n\t\t<div class=\"elementor-element elementor-element-80ebc21 e-con-full e-flex e-con e-child\" data-id=\"80ebc21\" data-element_type=\"container\" data-settings=\"{&quot;jet_parallax_layout_list&quot;:[]}\">\n\t\t\t\t<\/div>\n\t\t<div class=\"elementor-element elementor-element-a9097ab e-con-full e-flex e-con e-child\" data-id=\"a9097ab\" data-element_type=\"container\" data-settings=\"{&quot;jet_parallax_layout_list&quot;:[]}\">\n\t\t\t\t<div class=\"elementor-element elementor-element-6032969 elementor-widget elementor-widget-text-editor\" data-id=\"6032969\" data-element_type=\"widget\" data-widget_type=\"text-editor.default\">\n\t\t\t\t\t\t\t\t\t<p>Boca completa por<\/p>\t\t\t\t\t\t\t\t<\/div>\n\t\t\t\t<div class=\"elementor-element elementor-element-65bcd55 elementor-widget elementor-widget-text-editor\" data-id=\"65bcd55\" data-element_type=\"widget\" data-widget_type=\"text-editor.default\">\n\t\t\t\t\t\t\t\t\t<p>$14.900<\/p>\t\t\t\t\t\t\t\t<\/div>\n\t\t\t\t<\/div>\n\t\t\t\t<\/div>\n\t\t\t\t<div class=\"elementor-element elementor-element-cf48f99 elementor-widget__width-initial elementor-widget-mobile__width-inherit elementor-widget elementor-widget-heading\" data-id=\"cf48f99\" data-element_type=\"widget\" data-widget_type=\"heading.default\">\n\t\t\t\t\t<h1 class=\"elementor-heading-title elementor-size-default\">Dise\u00f1o de sonrisa dental cosm\u00e9tica en Miami<\/h1>\t\t\t\t<\/div>\n\t\t\t\t<div class=\"elementor-element elementor-element-e785229 elementor-widget elementor-widget-text-editor\" data-id=\"e785229\" data-element_type=\"widget\" data-widget_type=\"text-editor.default\">\n\t\t\t\t\t\t\t\t\t<p>Consulta gratuita \u2022 V\u00e1lido en todas las ubicaciones \u2022 Financiaci\u00f3n disponible<\/p>\t\t\t\t\t\t\t\t<\/div>\n\t\t\t\t<div class=\"elementor-element elementor-element-6b025c8 elementor-widget elementor-widget-text-editor\" data-id=\"6b025c8\" data-element_type=\"widget\" data-widget_type=\"text-editor.default\">\n\t\t\t\t\t\t\t\t\t<p>Carillas planificadas en 3D, coronas, adhesi\u00f3n y vistas previas de la alineaci\u00f3n.<\/p>\t\t\t\t\t\t\t\t<\/div>\n\t\t\t\t<\/div>\n\t\t\t\t<div class=\"elementor-element elementor-element-86f62a1 elementor-invisible elementor-widget elementor-widget-button\" data-id=\"86f62a1\" data-element_type=\"widget\" data-settings=\"{&quot;_animation&quot;:&quot;fadeInUps&quot;,&quot;_animation_delay&quot;:100}\" data-widget_type=\"button.default\">\n\t\t\t\t\t\t\t\t\t\t<a class=\"elementor-button elementor-button-link elementor-size-sm\" href=\"https:\/\/ultrasmilemiami.elev8site.com\/contact\/\">\n\t\t\t\t\t\t<span class=\"elementor-button-content-wrapper\">\n\t\t\t\t\t\t<span class=\"elementor-button-icon\">\n\t\t\t\t<svg aria-hidden=\"true\" class=\"e-font-icon-svg e-fas-calendar\" viewBox=\"0 0 448 512\" xmlns=\"http:\/\/www.w3.org\/2000\/svg\"><path d=\"M12 192h424c6.6 0 12 5.4 12 12v260c0 26.5-21.5 48-48 48H48c-26.5 0-48-21.5-48-48V204c0-6.6 5.4-12 12-12zm436-44v-36c0-26.5-21.5-48-48-48h-48V12c0-6.6-5.4-12-12-12h-40c-6.6 0-12 5.4-12 12v52H160V12c0-6.6-5.4-12-12-12h-40c-6.6 0-12 5.4-12 12v52H48C21.5 64 0 85.5 0 112v36c0 6.6 5.4 12 12 12h424c6.6 0 12-5.4 12-12z\"><\/path><\/svg>\t\t\t<\/span>\n\t\t\t\t\t\t\t\t\t<span class=\"elementor-button-text\">Solicitar cita<\/span>\n\t\t\t\t\t<\/span>\n\t\t\t\t\t<\/a>\n\t\t\t\t\t\t\t\t<\/div>\n\t\t\t\t\t<\/div>\n\t\t\t\t<\/div>\n\t\t\t\t<\/div>\n\t\t<div class=\"elementor-element elementor-element-e317db0 e-con-full e-flex e-con e-child\" data-id=\"e317db0\" data-element_type=\"container\" data-settings=\"{&quot;background_background&quot;:&quot;classic&quot;,&quot;jet_parallax_layout_list&quot;:[]}\">\n\t\t<div class=\"elementor-element elementor-element-4bfb05b e-flex e-con-boxed e-con e-child\" data-id=\"4bfb05b\" data-element_type=\"container\" data-settings=\"{&quot;jet_parallax_layout_list&quot;:[]}\">\n\t\t\t\t\t<div class=\"e-con-inner\">\n\t\t\t\t<div class=\"elementor-element elementor-element-04e8395 elementor-widget__width-initial elementor-widget-mobile__width-inherit elementor-widget elementor-widget-heading\" data-id=\"04e8395\" data-element_type=\"widget\" data-widget_type=\"heading.default\">\n\t\t\t\t\t<p class=\"elementor-heading-title elementor-size-default\">Blanqueamiento dental gratuito<\/p>\t\t\t\t<\/div>\n\t\t\t\t<div class=\"elementor-element elementor-element-2b8368c elementor-widget__width-initial elementor-widget elementor-widget-text-editor\" data-id=\"2b8368c\" data-element_type=\"widget\" data-widget_type=\"text-editor.default\">\n\t\t\t\t\t\t\t\t\t<p>Los pacientes de Miami reciben un blanqueamiento incluido por a\u00f1o. V\u00e1lido en todas las ubicaciones en consultorio. Financiaci\u00f3n disponible si el tratamiento se extiende m\u00e1s all\u00e1 de la evaluaci\u00f3n.<\/p>\t\t\t\t\t\t\t\t<\/div>\n\t\t\t\t<div class=\"elementor-element elementor-element-6e22e08 elementor-widget elementor-widget-button\" data-id=\"6e22e08\" data-element_type=\"widget\" data-widget_type=\"button.default\">\n\t\t\t\t\t\t\t\t\t\t<a class=\"elementor-button elementor-button-link elementor-size-sm\" href=\"https:\/\/ultrasmilemiami.elev8site.com\/contact\/\">\n\t\t\t\t\t\t<span class=\"elementor-button-content-wrapper\">\n\t\t\t\t\t\t<span class=\"elementor-button-icon\">\n\t\t\t\t<svg aria-hidden=\"true\" class=\"e-font-icon-svg e-fas-calendar\" viewBox=\"0 0 448 512\" xmlns=\"http:\/\/www.w3.org\/2000\/svg\"><path d=\"M12 192h424c6.6 0 12 5.4 12 12v260c0 26.5-21.5 48-48 48H48c-26.5 0-48-21.5-48-48V204c0-6.6 5.4-12 12-12zm436-44v-36c0-26.5-21.5-48-48-48h-48V12c0-6.6-5.4-12-12-12h-40c-6.6 0-12 5.4-12 12v52H160V12c0-6.6-5.4-12-12-12h-40c-6.6 0-12 5.4-12 12v52H48C21.5 64 0 85.5 0 112v36c0 6.6 5.4 12 12 12h424c6.6 0 12-5.4 12-12z\"><\/path><\/svg>\t\t\t<\/span>\n\t\t\t\t\t\t\t\t\t<span class=\"elementor-button-text\">Solicitar cita<\/span>\n\t\t\t\t\t<\/span>\n\t\t\t\t\t<\/a>\n\t\t\t\t\t\t\t\t<\/div>\n\t\t\t\t\t<\/div>\n\t\t\t\t<\/div>\n\t\t\t\t<\/div>\n\t\t<div class=\"elementor-element elementor-element-0aee25c e-con-full e-flex e-con e-child\" data-id=\"0aee25c\" data-element_type=\"container\" data-settings=\"{&quot;background_background&quot;:&quot;classic&quot;,&quot;jet_parallax_layout_list&quot;:[]}\">\n\t\t<div class=\"elementor-element elementor-element-b0b1476 e-flex e-con-boxed e-con e-child\" data-id=\"b0b1476\" data-element_type=\"container\" data-settings=\"{&quot;jet_parallax_layout_list&quot;:[]}\">\n\t\t\t\t\t<div class=\"e-con-inner\">\n\t\t\t\t<div class=\"elementor-element elementor-element-d805b2c elementor-widget__width-initial elementor-widget elementor-widget-heading\" data-id=\"d805b2c\" data-element_type=\"widget\" data-widget_type=\"heading.default\">\n\t\t\t\t\t<p class=\"elementor-heading-title elementor-size-default\">1.000 $ de descuento\nInvisalign<\/p>\t\t\t\t<\/div>\n\t\t\t\t<div class=\"elementor-element elementor-element-0ed3c4c elementor-widget__width-initial elementor-widget elementor-widget-text-editor\" data-id=\"0ed3c4c\" data-element_type=\"widget\" data-widget_type=\"text-editor.default\">\n\t\t\t\t\t\t\t\t\t<p>Vea los cambios de alineaci\u00f3n en una vista previa y, a continuaci\u00f3n, planifique los siguientes pasos. V\u00e1lido en todas las ubicaciones de Miami.<\/p>\t\t\t\t\t\t\t\t<\/div>\n\t\t\t\t<div class=\"elementor-element elementor-element-05e5f5a elementor-widget elementor-widget-button\" data-id=\"05e5f5a\" data-element_type=\"widget\" data-widget_type=\"button.default\">\n\t\t\t\t\t\t\t\t\t\t<a class=\"elementor-button elementor-button-link elementor-size-sm\" href=\"https:\/\/ultrasmilemiami.elev8site.com\/contact\/\">\n\t\t\t\t\t\t<span class=\"elementor-button-content-wrapper\">\n\t\t\t\t\t\t<span class=\"elementor-button-icon\">\n\t\t\t\t<svg aria-hidden=\"true\" class=\"e-font-icon-svg e-fas-calendar\" viewBox=\"0 0 448 512\" xmlns=\"http:\/\/www.w3.org\/2000\/svg\"><path d=\"M12 192h424c6.6 0 12 5.4 12 12v260c0 26.5-21.5 48-48 48H48c-26.5 0-48-21.5-48-48V204c0-6.6 5.4-12 12-12zm436-44v-36c0-26.5-21.5-48-48-48h-48V12c0-6.6-5.4-12-12-12h-40c-6.6 0-12 5.4-12 12v52H160V12c0-6.6-5.4-12-12-12h-40c-6.6 0-12 5.4-12 12v52H48C21.5 64 0 85.5 0 112v36c0 6.6 5.4 12 12 12h424c6.6 0 12-5.4 12-12z\"><\/path><\/svg>\t\t\t<\/span>\n\t\t\t\t\t\t\t\t\t<span class=\"elementor-button-text\">Solicitar cita<\/span>\n\t\t\t\t\t<\/span>\n\t\t\t\t\t<\/a>\n\t\t\t\t\t\t\t\t<\/div>\n\t\t\t\t\t<\/div>\n\t\t\t\t<\/div>\n\t\t\t\t<\/div>\n\t\t\t\t<\/main>\n\t\t\t\t<\/div>\n\t\t","protected":false},"excerpt":{"rendered":"<p>Promociones dentales actuales y ofertas especiales en Ultra Smile DentalSpa en Miami para ayudarle a ahorrar en atenci\u00f3n de calidad y tratamientos para mejorar la sonrisa. Boca completa por $14.900 Dise\u00f1o de sonrisa dental cosm\u00e9tica en Miami Consulta gratuita \u2022 V\u00e1lido en todas las ubicaciones \u2022 Financiaci\u00f3n disponible Carillas planificadas en 3D, coronas, adhesi\u00f3n y [&hellip;]<\/p>\n","protected":false},"author":1,"featured_media":0,"parent":0,"menu_order":0,"comment_status":"closed","ping_status":"closed","template":"","meta":{"_acf_changed":false,"footnotes":""},"class_list":["post-1729","page","type-page","status-publish","hentry"],"acf":[],"yoast_head":"<!-- This site is optimized with the Yoast SEO plugin v26.7 - https:\/\/yoast.com\/wordpress\/plugins\/seo\/ -->\n<title>Promociones - Ultra Smile DentalSpa<\/title>\n<meta name=\"robots\" content=\"index, follow, max-snippet:-1, max-image-preview:large, max-video-preview:-1\" \/>\n<link rel=\"canonical\" href=\"https:\/\/ultrasmilemiami.elev8site.com\/es\/promociones\/\" \/>\n<meta property=\"og:locale\" content=\"es_ES\" \/>\n<meta property=\"og:type\" content=\"article\" \/>\n<meta property=\"og:title\" content=\"Promociones - Ultra Smile DentalSpa\" \/>\n<meta property=\"og:description\" content=\"Promociones dentales actuales y ofertas especiales en Ultra Smile DentalSpa en Miami para ayudarle a ahorrar en atenci\u00f3n de calidad y tratamientos para mejorar la sonrisa. Boca completa por $14.900 Dise\u00f1o de sonrisa dental cosm\u00e9tica en Miami Consulta gratuita \u2022 V\u00e1lido en todas las ubicaciones \u2022 Financiaci\u00f3n disponible Carillas planificadas en 3D, coronas, adhesi\u00f3n y [&hellip;]\" \/>\n<meta property=\"og:url\" content=\"https:\/\/ultrasmilemiami.elev8site.com\/es\/promociones\/\" \/>\n<meta property=\"og:site_name\" content=\"Ultra Smile DentalSpa\" \/>\n<meta property=\"article:modified_time\" content=\"2026-01-09T18:13:10+00:00\" \/>\n<meta property=\"og:image\" content=\"https:\/\/ultrasmilemiami.elev8site.com\/wp-content\/uploads\/2025\/12\/hero-logo.png\" \/>\n\t<meta property=\"og:image:width\" content=\"639\" \/>\n\t<meta property=\"og:image:height\" content=\"274\" \/>\n\t<meta property=\"og:image:type\" content=\"image\/png\" \/>\n<meta name=\"twitter:card\" content=\"summary_large_image\" \/>\n<meta name=\"twitter:label1\" content=\"Tiempo de lectura\" \/>\n\t<meta name=\"twitter:data1\" content=\"1 minuto\" \/>\n<script type=\"application\/ld+json\" class=\"yoast-schema-graph\">{\"@context\":\"https:\/\/schema.org\",\"@graph\":[{\"@type\":\"WebPage\",\"@id\":\"https:\/\/ultrasmilemiami.elev8site.com\/es\/promociones\/\",\"url\":\"https:\/\/ultrasmilemiami.elev8site.com\/es\/promociones\/\",\"name\":\"Promociones - Ultra Smile DentalSpa\",\"isPartOf\":{\"@id\":\"https:\/\/ultrasmilemiami.elev8site.com\/es\/#website\"},\"primaryImageOfPage\":{\"@id\":\"https:\/\/ultrasmilemiami.elev8site.com\/es\/promociones\/#primaryimage\"},\"image\":{\"@id\":\"https:\/\/ultrasmilemiami.elev8site.com\/es\/promociones\/#primaryimage\"},\"thumbnailUrl\":\"https:\/\/ultrasmilemiami.elev8site.com\/wp-content\/uploads\/2025\/12\/hero-logo.png\",\"datePublished\":\"2026-01-06T19:08:05+00:00\",\"dateModified\":\"2026-01-09T18:13:10+00:00\",\"breadcrumb\":{\"@id\":\"https:\/\/ultrasmilemiami.elev8site.com\/es\/promociones\/#breadcrumb\"},\"inLanguage\":\"es\",\"potentialAction\":[{\"@type\":\"ReadAction\",\"target\":[\"https:\/\/ultrasmilemiami.elev8site.com\/es\/promociones\/\"]}]},{\"@type\":\"ImageObject\",\"inLanguage\":\"es\",\"@id\":\"https:\/\/ultrasmilemiami.elev8site.com\/es\/promociones\/#primaryimage\",\"url\":\"https:\/\/ultrasmilemiami.elev8site.com\/wp-content\/uploads\/2025\/12\/hero-logo.png\",\"contentUrl\":\"https:\/\/ultrasmilemiami.elev8site.com\/wp-content\/uploads\/2025\/12\/hero-logo.png\"},{\"@type\":\"BreadcrumbList\",\"@id\":\"https:\/\/ultrasmilemiami.elev8site.com\/es\/promociones\/#breadcrumb\",\"itemListElement\":[{\"@type\":\"ListItem\",\"position\":1,\"name\":\"Home\",\"item\":\"https:\/\/ultrasmilemiami.elev8site.com\/es\/pagina-de-inicio\/\"},{\"@type\":\"ListItem\",\"position\":2,\"name\":\"Promociones\"}]},{\"@type\":\"WebSite\",\"@id\":\"https:\/\/ultrasmilemiami.elev8site.com\/es\/#website\",\"url\":\"https:\/\/ultrasmilemiami.elev8site.com\/es\/\",\"name\":\"Ultra Smile DentalSpa\",\"description\":\"\",\"publisher\":{\"@id\":\"https:\/\/ultrasmilemiami.elev8site.com\/es\/#organization\"},\"potentialAction\":[{\"@type\":\"SearchAction\",\"target\":{\"@type\":\"EntryPoint\",\"urlTemplate\":\"https:\/\/ultrasmilemiami.elev8site.com\/es\/?s={search_term_string}\"},\"query-input\":{\"@type\":\"PropertyValueSpecification\",\"valueRequired\":true,\"valueName\":\"search_term_string\"}}],\"inLanguage\":\"es\"},{\"@type\":\"Organization\",\"@id\":\"https:\/\/ultrasmilemiami.elev8site.com\/es\/#organization\",\"name\":\"Ultra Smile DentalSpa\",\"url\":\"https:\/\/ultrasmilemiami.elev8site.com\/es\/\",\"logo\":{\"@type\":\"ImageObject\",\"inLanguage\":\"es\",\"@id\":\"https:\/\/ultrasmilemiami.elev8site.com\/es\/#\/schema\/logo\/image\/\",\"url\":\"https:\/\/ultrasmilemiami.elev8site.com\/wp-content\/uploads\/2025\/12\/ultrasmile-logo.png\",\"contentUrl\":\"https:\/\/ultrasmilemiami.elev8site.com\/wp-content\/uploads\/2025\/12\/ultrasmile-logo.png\",\"width\":521,\"height\":83,\"caption\":\"Ultra Smile DentalSpa\"},\"image\":{\"@id\":\"https:\/\/ultrasmilemiami.elev8site.com\/es\/#\/schema\/logo\/image\/\"}}]}<\/script>\n<!-- \/ Yoast SEO plugin. -->","yoast_head_json":{"title":"Promociones - Ultra Smile DentalSpa","robots":{"index":"index","follow":"follow","max-snippet":"max-snippet:-1","max-image-preview":"max-image-preview:large","max-video-preview":"max-video-preview:-1"},"canonical":"https:\/\/ultrasmilemiami.elev8site.com\/es\/promociones\/","og_locale":"es_ES","og_type":"article","og_title":"Promociones - Ultra Smile DentalSpa","og_description":"Promociones dentales actuales y ofertas especiales en Ultra Smile DentalSpa en Miami para ayudarle a ahorrar en atenci\u00f3n de calidad y tratamientos para mejorar la sonrisa. Boca completa por $14.900 Dise\u00f1o de sonrisa dental cosm\u00e9tica en Miami Consulta gratuita \u2022 V\u00e1lido en todas las ubicaciones \u2022 Financiaci\u00f3n disponible Carillas planificadas en 3D, coronas, adhesi\u00f3n y [&hellip;]","og_url":"https:\/\/ultrasmilemiami.elev8site.com\/es\/promociones\/","og_site_name":"Ultra Smile DentalSpa","article_modified_time":"2026-01-09T18:13:10+00:00","og_image":[{"width":639,"height":274,"url":"https:\/\/ultrasmilemiami.elev8site.com\/wp-content\/uploads\/2025\/12\/hero-logo.png","type":"image\/png"}],"twitter_card":"summary_large_image","twitter_misc":{"Tiempo de lectura":"1 minuto"},"schema":{"@context":"https:\/\/schema.org","@graph":[{"@type":"WebPage","@id":"https:\/\/ultrasmilemiami.elev8site.com\/es\/promociones\/","url":"https:\/\/ultrasmilemiami.elev8site.com\/es\/promociones\/","name":"Promociones - Ultra Smile DentalSpa","isPartOf":{"@id":"https:\/\/ultrasmilemiami.elev8site.com\/es\/#website"},"primaryImageOfPage":{"@id":"https:\/\/ultrasmilemiami.elev8site.com\/es\/promociones\/#primaryimage"},"image":{"@id":"https:\/\/ultrasmilemiami.elev8site.com\/es\/promociones\/#primaryimage"},"thumbnailUrl":"https:\/\/ultrasmilemiami.elev8site.com\/wp-content\/uploads\/2025\/12\/hero-logo.png","datePublished":"2026-01-06T19:08:05+00:00","dateModified":"2026-01-09T18:13:10+00:00","breadcrumb":{"@id":"https:\/\/ultrasmilemiami.elev8site.com\/es\/promociones\/#breadcrumb"},"inLanguage":"es","potentialAction":[{"@type":"ReadAction","target":["https:\/\/ultrasmilemiami.elev8site.com\/es\/promociones\/"]}]},{"@type":"ImageObject","inLanguage":"es","@id":"https:\/\/ultrasmilemiami.elev8site.com\/es\/promociones\/#primaryimage","url":"https:\/\/ultrasmilemiami.elev8site.com\/wp-content\/uploads\/2025\/12\/hero-logo.png","contentUrl":"https:\/\/ultrasmilemiami.elev8site.com\/wp-content\/uploads\/2025\/12\/hero-logo.png"},{"@type":"BreadcrumbList","@id":"https:\/\/ultrasmilemiami.elev8site.com\/es\/promociones\/#breadcrumb","itemListElement":[{"@type":"ListItem","position":1,"name":"Home","item":"https:\/\/ultrasmilemiami.elev8site.com\/es\/pagina-de-inicio\/"},{"@type":"ListItem","position":2,"name":"Promociones"}]},{"@type":"WebSite","@id":"https:\/\/ultrasmilemiami.elev8site.com\/es\/#website","url":"https:\/\/ultrasmilemiami.elev8site.com\/es\/","name":"Ultra Smile DentalSpa","description":"","publisher":{"@id":"https:\/\/ultrasmilemiami.elev8site.com\/es\/#organization"},"potentialAction":[{"@type":"SearchAction","target":{"@type":"EntryPoint","urlTemplate":"https:\/\/ultrasmilemiami.elev8site.com\/es\/?s={search_term_string}"},"query-input":{"@type":"PropertyValueSpecification","valueRequired":true,"valueName":"search_term_string"}}],"inLanguage":"es"},{"@type":"Organization","@id":"https:\/\/ultrasmilemiami.elev8site.com\/es\/#organization","name":"Ultra Smile DentalSpa","url":"https:\/\/ultrasmilemiami.elev8site.com\/es\/","logo":{"@type":"ImageObject","inLanguage":"es","@id":"https:\/\/ultrasmilemiami.elev8site.com\/es\/#\/schema\/logo\/image\/","url":"https:\/\/ultrasmilemiami.elev8site.com\/wp-content\/uploads\/2025\/12\/ultrasmile-logo.png","contentUrl":"https:\/\/ultrasmilemiami.elev8site.com\/wp-content\/uploads\/2025\/12\/ultrasmile-logo.png","width":521,"height":83,"caption":"Ultra Smile DentalSpa"},"image":{"@id":"https:\/\/ultrasmilemiami.elev8site.com\/es\/#\/schema\/logo\/image\/"}}]}},"_links":{"self":[{"href":"https:\/\/ultrasmilemiami.elev8site.com\/es\/wp-json\/wp\/v2\/pages\/1729","targetHints":{"allow":["GET"]}}],"collection":[{"href":"https:\/\/ultrasmilemiami.elev8site.com\/es\/wp-json\/wp\/v2\/pages"}],"about":[{"href":"https:\/\/ultrasmilemiami.elev8site.com\/es\/wp-json\/wp\/v2\/types\/page"}],"author":[{"embeddable":true,"href":"https:\/\/ultrasmilemiami.elev8site.com\/es\/wp-json\/wp\/v2\/users\/1"}],"replies":[{"embeddable":true,"href":"https:\/\/ultrasmilemiami.elev8site.com\/es\/wp-json\/wp\/v2\/comments?post=1729"}],"version-history":[{"count":1,"href":"https:\/\/ultrasmilemiami.elev8site.com\/es\/wp-json\/wp\/v2\/pages\/1729\/revisions"}],"predecessor-version":[{"id":1734,"href":"https:\/\/ultrasmilemiami.elev8site.com\/es\/wp-json\/wp\/v2\/pages\/1729\/revisions\/1734"}],"wp:attachment":[{"href":"https:\/\/ultrasmilemiami.elev8site.com\/es\/wp-json\/wp\/v2\/media?parent=1729"}],"curies":[{"name":"wp","href":"https:\/\/api.w.org\/{rel}","templated":true}]}}